{"id":12878,"date":"2024-10-11T14:25:09","date_gmt":"2024-10-11T14:25:09","guid":{"rendered":"https:\/\/nautibrothers.pt\/?post_type=product&#038;p=12878"},"modified":"2024-10-24T16:45:39","modified_gmt":"2024-10-24T16:45:39","slug":"ancorote-articulado-4-unhas","status":"publish","type":"product","link":"https:\/\/nautibrothers.pt\/en\/produto\/ancorote-articulado-4-unhas\/","title":{"rendered":"Ancorote articulado 4 unhas"},"content":{"rendered":"<p>Ancorote articulado 4 unhas<\/p>\n","protected":false},"excerpt":{"rendered":"<p>Fabricado em a\u00e7o galvanizado a quente com bra\u00e7os dobr\u00e1veis para f\u00e1cil arruma\u00e7\u00e3o, utilizado para fundos rochosos<\/p>\n","protected":false},"featured_media":15396,"template":"","meta":{"inline_featured_image":false},"product_cat":[1147],"product_tag":[],"class_list":{"0":"post-12878","1":"product","2":"type-product","3":"status-publish","4":"has-post-thumbnail","6":"product_cat-ancoras","8":"first","9":"instock","10":"sold-individually","11":"shipping-taxable","12":"purchasable","13":"product-type-variable"},"acf":[],"_links":{"self":[{"href":"https:\/\/nautibrothers.pt\/en\/wp-json\/wp\/v2\/product\/12878","targetHints":{"allow":["GET"]}}],"collection":[{"href":"https:\/\/nautibrothers.pt\/en\/wp-json\/wp\/v2\/product"}],"about":[{"href":"https:\/\/nautibrothers.pt\/en\/wp-json\/wp\/v2\/types\/product"}],"wp:featuredmedia":[{"embeddable":true,"href":"https:\/\/nautibrothers.pt\/en\/wp-json\/wp\/v2\/media\/15396"}],"wp:attachment":[{"href":"https:\/\/nautibrothers.pt\/en\/wp-json\/wp\/v2\/media?parent=12878"}],"wp:term":[{"taxonomy":"product_cat","embeddable":true,"href":"https:\/\/nautibrothers.pt\/en\/wp-json\/wp\/v2\/product_cat?post=12878"},{"taxonomy":"product_tag","embeddable":true,"href":"https:\/\/nautibrothers.pt\/en\/wp-json\/wp\/v2\/product_tag?post=12878"}],"curies":[{"name":"wp","href":"https:\/\/api.w.org\/{rel}","templated":true}]}}