{"id":12955,"date":"2024-10-11T14:27:06","date_gmt":"2024-10-11T14:27:06","guid":{"rendered":"https:\/\/nautibrothers.pt\/?post_type=product&#038;p=12955"},"modified":"2024-10-11T14:27:34","modified_gmt":"2024-10-11T14:27:34","slug":"boia-biconica-para-arinque","status":"publish","type":"product","link":"https:\/\/nautibrothers.pt\/en\/produto\/boia-biconica-para-arinque\/","title":{"rendered":"B\u00f3ia bic\u00f3nica para arinque"},"content":{"rendered":"<p>B\u00f3ia bic\u00f3nica para arinque<\/p>\n","protected":false},"excerpt":{"rendered":"<p>Fabricada em polietileno para marca\u00e7\u00e3o. B\u00f3ia de marca\u00e7\u00e3o r\u00edgida<\/p>\n","protected":false},"featured_media":9707,"template":"","meta":{"inline_featured_image":false},"product_cat":[1212],"product_tag":[],"class_list":{"0":"post-12955","1":"product","2":"type-product","3":"status-publish","4":"has-post-thumbnail","6":"product_cat-boias","8":"first","9":"instock","10":"sold-individually","11":"shipping-taxable","12":"purchasable","13":"product-type-variable"},"acf":[],"_links":{"self":[{"href":"https:\/\/nautibrothers.pt\/en\/wp-json\/wp\/v2\/product\/12955","targetHints":{"allow":["GET"]}}],"collection":[{"href":"https:\/\/nautibrothers.pt\/en\/wp-json\/wp\/v2\/product"}],"about":[{"href":"https:\/\/nautibrothers.pt\/en\/wp-json\/wp\/v2\/types\/product"}],"wp:featuredmedia":[{"embeddable":true,"href":"https:\/\/nautibrothers.pt\/en\/wp-json\/wp\/v2\/media\/9707"}],"wp:attachment":[{"href":"https:\/\/nautibrothers.pt\/en\/wp-json\/wp\/v2\/media?parent=12955"}],"wp:term":[{"taxonomy":"product_cat","embeddable":true,"href":"https:\/\/nautibrothers.pt\/en\/wp-json\/wp\/v2\/product_cat?post=12955"},{"taxonomy":"product_tag","embeddable":true,"href":"https:\/\/nautibrothers.pt\/en\/wp-json\/wp\/v2\/product_tag?post=12955"}],"curies":[{"name":"wp","href":"https:\/\/api.w.org\/{rel}","templated":true}]}}