{"id":12960,"date":"2024-10-11T14:27:08","date_gmt":"2024-10-11T14:27:08","guid":{"rendered":"https:\/\/nautibrothers.pt\/?post_type=product&#038;p=12960"},"modified":"2024-10-11T14:27:34","modified_gmt":"2024-10-11T14:27:34","slug":"boia-de-salvacao","status":"publish","type":"product","link":"https:\/\/nautibrothers.pt\/en\/produto\/boia-de-salvacao\/","title":{"rendered":"B\u00f3ia de salva\u00e7\u00e3o"},"content":{"rendered":"<p>B\u00f3ia de salva\u00e7\u00e3o<\/p>\n","protected":false},"excerpt":{"rendered":"<p>Fabricada em polietileno com enchimento em espuma de poliuretano, com fitas refletoras, para embarca\u00e7\u00f5es comerciais ou grandes navios<\/p>\n","protected":false},"featured_media":9711,"template":"","meta":{"inline_featured_image":false},"product_cat":[1212],"product_tag":[],"class_list":{"0":"post-12960","1":"product","2":"type-product","3":"status-publish","4":"has-post-thumbnail","6":"product_cat-boias","8":"first","9":"instock","10":"sold-individually","11":"shipping-taxable","12":"purchasable","13":"product-type-variable"},"acf":[],"_links":{"self":[{"href":"https:\/\/nautibrothers.pt\/en\/wp-json\/wp\/v2\/product\/12960","targetHints":{"allow":["GET"]}}],"collection":[{"href":"https:\/\/nautibrothers.pt\/en\/wp-json\/wp\/v2\/product"}],"about":[{"href":"https:\/\/nautibrothers.pt\/en\/wp-json\/wp\/v2\/types\/product"}],"wp:featuredmedia":[{"embeddable":true,"href":"https:\/\/nautibrothers.pt\/en\/wp-json\/wp\/v2\/media\/9711"}],"wp:attachment":[{"href":"https:\/\/nautibrothers.pt\/en\/wp-json\/wp\/v2\/media?parent=12960"}],"wp:term":[{"taxonomy":"product_cat","embeddable":true,"href":"https:\/\/nautibrothers.pt\/en\/wp-json\/wp\/v2\/product_cat?post=12960"},{"taxonomy":"product_tag","embeddable":true,"href":"https:\/\/nautibrothers.pt\/en\/wp-json\/wp\/v2\/product_tag?post=12960"}],"curies":[{"name":"wp","href":"https:\/\/api.w.org\/{rel}","templated":true}]}}