{"id":12968,"date":"2024-10-11T14:27:11","date_gmt":"2024-10-11T14:27:11","guid":{"rendered":"https:\/\/nautibrothers.pt\/?post_type=product&#038;p=12968"},"modified":"2024-10-11T14:28:12","modified_gmt":"2024-10-11T14:28:12","slug":"boia-de-sinalizacao","status":"publish","type":"product","link":"https:\/\/nautibrothers.pt\/en\/produto\/boia-de-sinalizacao\/","title":{"rendered":"B\u00f3ia de sinaliza\u00e7\u00e3o"},"content":{"rendered":"<p>B\u00f3ia de sinaliza\u00e7\u00e3o<\/p>\n","protected":false},"excerpt":{"rendered":"<p>B\u00f3ia de sinaliza\u00e7\u00e3o, pode ser utilizada em praias, marinas, rios e lagos que necessitem de sinaliza\u00e7\u00e3o<\/p>\n","protected":false},"featured_media":9719,"template":"","meta":{"inline_featured_image":false},"product_cat":[1212],"product_tag":[],"class_list":{"0":"post-12968","1":"product","2":"type-product","3":"status-publish","4":"has-post-thumbnail","6":"product_cat-boias","8":"first","9":"instock","10":"sold-individually","11":"shipping-taxable","12":"purchasable","13":"product-type-variable"},"acf":[],"_links":{"self":[{"href":"https:\/\/nautibrothers.pt\/en\/wp-json\/wp\/v2\/product\/12968","targetHints":{"allow":["GET"]}}],"collection":[{"href":"https:\/\/nautibrothers.pt\/en\/wp-json\/wp\/v2\/product"}],"about":[{"href":"https:\/\/nautibrothers.pt\/en\/wp-json\/wp\/v2\/types\/product"}],"wp:featuredmedia":[{"embeddable":true,"href":"https:\/\/nautibrothers.pt\/en\/wp-json\/wp\/v2\/media\/9719"}],"wp:attachment":[{"href":"https:\/\/nautibrothers.pt\/en\/wp-json\/wp\/v2\/media?parent=12968"}],"wp:term":[{"taxonomy":"product_cat","embeddable":true,"href":"https:\/\/nautibrothers.pt\/en\/wp-json\/wp\/v2\/product_cat?post=12968"},{"taxonomy":"product_tag","embeddable":true,"href":"https:\/\/nautibrothers.pt\/en\/wp-json\/wp\/v2\/product_tag?post=12968"}],"curies":[{"name":"wp","href":"https:\/\/api.w.org\/{rel}","templated":true}]}}