{"id":12982,"date":"2024-10-11T14:27:42","date_gmt":"2024-10-11T14:27:42","guid":{"rendered":"https:\/\/nautibrothers.pt\/?post_type=product&#038;p=12982"},"modified":"2024-10-11T14:28:13","modified_gmt":"2024-10-11T14:28:13","slug":"boias-luminosas","status":"publish","type":"product","link":"https:\/\/nautibrothers.pt\/en\/produto\/boias-luminosas\/","title":{"rendered":"B\u00f3ias luminosas"},"content":{"rendered":"<p>B\u00f3ias luminosas<\/p>\n","protected":false},"excerpt":{"rendered":"<p>Luz para b\u00f3ia de salva\u00e7\u00e3o, activa automaticamente quando capotada, intensidade luminosa n\u00e3o inferior a 2 cd e durante 2 horas<\/p>\n","protected":false},"featured_media":9737,"template":"","meta":{"inline_featured_image":false},"product_cat":[1212],"product_tag":[],"class_list":{"0":"post-12982","1":"product","2":"type-product","3":"status-publish","4":"has-post-thumbnail","6":"product_cat-boias","8":"first","9":"instock","10":"sold-individually","11":"shipping-taxable","12":"purchasable","13":"product-type-variable"},"acf":[],"_links":{"self":[{"href":"https:\/\/nautibrothers.pt\/en\/wp-json\/wp\/v2\/product\/12982","targetHints":{"allow":["GET"]}}],"collection":[{"href":"https:\/\/nautibrothers.pt\/en\/wp-json\/wp\/v2\/product"}],"about":[{"href":"https:\/\/nautibrothers.pt\/en\/wp-json\/wp\/v2\/types\/product"}],"wp:featuredmedia":[{"embeddable":true,"href":"https:\/\/nautibrothers.pt\/en\/wp-json\/wp\/v2\/media\/9737"}],"wp:attachment":[{"href":"https:\/\/nautibrothers.pt\/en\/wp-json\/wp\/v2\/media?parent=12982"}],"wp:term":[{"taxonomy":"product_cat","embeddable":true,"href":"https:\/\/nautibrothers.pt\/en\/wp-json\/wp\/v2\/product_cat?post=12982"},{"taxonomy":"product_tag","embeddable":true,"href":"https:\/\/nautibrothers.pt\/en\/wp-json\/wp\/v2\/product_tag?post=12982"}],"curies":[{"name":"wp","href":"https:\/\/api.w.org\/{rel}","templated":true}]}}