{"id":12988,"date":"2024-10-11T14:27:45","date_gmt":"2024-10-11T14:27:45","guid":{"rendered":"https:\/\/nautibrothers.pt\/?post_type=product&#038;p=12988"},"modified":"2024-10-11T14:28:13","modified_gmt":"2024-10-11T14:28:13","slug":"colete-de-salvacao-insuflavel-automatico","status":"publish","type":"product","link":"https:\/\/nautibrothers.pt\/en\/produto\/colete-de-salvacao-insuflavel-automatico\/","title":{"rendered":"Colete de salva\u00e7\u00e3o insufl\u00e1vel autom\u00e1tico"},"content":{"rendered":"<p>Colete de salva\u00e7\u00e3o insufl\u00e1vel autom\u00e1tico<\/p>\n","protected":false},"excerpt":{"rendered":"<p>Colete salva vidas com sistema de insufla\u00e7\u00e3o autom\u00e1tico<\/p>\n","protected":false},"featured_media":9771,"template":"","meta":{"inline_featured_image":false},"product_cat":[1236],"product_tag":[],"class_list":{"0":"post-12988","1":"product","2":"type-product","3":"status-publish","4":"has-post-thumbnail","6":"product_cat-coletes","8":"first","9":"instock","10":"sold-individually","11":"shipping-taxable","12":"purchasable","13":"product-type-variable"},"acf":[],"_links":{"self":[{"href":"https:\/\/nautibrothers.pt\/en\/wp-json\/wp\/v2\/product\/12988","targetHints":{"allow":["GET"]}}],"collection":[{"href":"https:\/\/nautibrothers.pt\/en\/wp-json\/wp\/v2\/product"}],"about":[{"href":"https:\/\/nautibrothers.pt\/en\/wp-json\/wp\/v2\/types\/product"}],"wp:featuredmedia":[{"embeddable":true,"href":"https:\/\/nautibrothers.pt\/en\/wp-json\/wp\/v2\/media\/9771"}],"wp:attachment":[{"href":"https:\/\/nautibrothers.pt\/en\/wp-json\/wp\/v2\/media?parent=12988"}],"wp:term":[{"taxonomy":"product_cat","embeddable":true,"href":"https:\/\/nautibrothers.pt\/en\/wp-json\/wp\/v2\/product_cat?post=12988"},{"taxonomy":"product_tag","embeddable":true,"href":"https:\/\/nautibrothers.pt\/en\/wp-json\/wp\/v2\/product_tag?post=12988"}],"curies":[{"name":"wp","href":"https:\/\/api.w.org\/{rel}","templated":true}]}}