{"id":13019,"date":"2024-10-11T14:28:28","date_gmt":"2024-10-11T14:28:28","guid":{"rendered":"https:\/\/nautibrothers.pt\/?post_type=product&#038;p=13019"},"modified":"2024-10-11T14:28:51","modified_gmt":"2024-10-11T14:28:51","slug":"croque-com-rosca-preta-em-pvc-extensivel-ate-um-maximo-de-2-4-mt","status":"publish","type":"product","link":"https:\/\/nautibrothers.pt\/en\/produto\/croque-com-rosca-preta-em-pvc-extensivel-ate-um-maximo-de-2-4-mt\/","title":{"rendered":"Croque com rosca preta em PVC extens\u00edvel at\u00e9 um m\u00e1ximo de 2.4 mt"},"content":{"rendered":"<p>Croque com rosca preta em PVC<\/p>\n","protected":false},"excerpt":{"rendered":"<p>Fabricado em PVC, \u00e9 uma vara com um gancho na extremidade, que possibilita puxar cabos ou quaisquer outros objetos para bordo<\/p>\n","protected":false},"featured_media":9817,"template":"","meta":{"inline_featured_image":false},"product_cat":[1243],"product_tag":[],"class_list":{"0":"post-13019","1":"product","2":"type-product","3":"status-publish","4":"has-post-thumbnail","6":"product_cat-croque","8":"first","9":"instock","10":"sold-individually","11":"shipping-taxable","12":"purchasable","13":"product-type-variable"},"acf":[],"_links":{"self":[{"href":"https:\/\/nautibrothers.pt\/en\/wp-json\/wp\/v2\/product\/13019","targetHints":{"allow":["GET"]}}],"collection":[{"href":"https:\/\/nautibrothers.pt\/en\/wp-json\/wp\/v2\/product"}],"about":[{"href":"https:\/\/nautibrothers.pt\/en\/wp-json\/wp\/v2\/types\/product"}],"wp:featuredmedia":[{"embeddable":true,"href":"https:\/\/nautibrothers.pt\/en\/wp-json\/wp\/v2\/media\/9817"}],"wp:attachment":[{"href":"https:\/\/nautibrothers.pt\/en\/wp-json\/wp\/v2\/media?parent=13019"}],"wp:term":[{"taxonomy":"product_cat","embeddable":true,"href":"https:\/\/nautibrothers.pt\/en\/wp-json\/wp\/v2\/product_cat?post=13019"},{"taxonomy":"product_tag","embeddable":true,"href":"https:\/\/nautibrothers.pt\/en\/wp-json\/wp\/v2\/product_tag?post=13019"}],"curies":[{"name":"wp","href":"https:\/\/api.w.org\/{rel}","templated":true}]}}