{"id":13021,"date":"2024-10-11T14:28:28","date_gmt":"2024-10-11T14:28:28","guid":{"rendered":"https:\/\/nautibrothers.pt\/?post_type=product&#038;p=13021"},"modified":"2024-10-11T14:29:33","modified_gmt":"2024-10-11T14:29:33","slug":"cunhos-redondos-em-aco-inoxidavel","status":"publish","type":"product","link":"https:\/\/nautibrothers.pt\/en\/produto\/cunhos-redondos-em-aco-inoxidavel\/","title":{"rendered":"Cunhos redondos em a\u00e7o inoxid\u00e1vel"},"content":{"rendered":"<p>Cunhos redondos em a\u00e7o inoxid\u00e1vel<\/p>\n","protected":false},"excerpt":{"rendered":"<p>Fabricado em a\u00e7o inox, utilizado para amarra\u00e7\u00e3o<\/p>\n","protected":false},"featured_media":9819,"template":"","meta":{"inline_featured_image":false},"product_cat":[1244],"product_tag":[],"class_list":{"0":"post-13021","1":"product","2":"type-product","3":"status-publish","4":"has-post-thumbnail","6":"product_cat-cunhos","8":"first","9":"instock","10":"sold-individually","11":"shipping-taxable","12":"purchasable","13":"product-type-variable"},"acf":[],"_links":{"self":[{"href":"https:\/\/nautibrothers.pt\/en\/wp-json\/wp\/v2\/product\/13021","targetHints":{"allow":["GET"]}}],"collection":[{"href":"https:\/\/nautibrothers.pt\/en\/wp-json\/wp\/v2\/product"}],"about":[{"href":"https:\/\/nautibrothers.pt\/en\/wp-json\/wp\/v2\/types\/product"}],"wp:featuredmedia":[{"embeddable":true,"href":"https:\/\/nautibrothers.pt\/en\/wp-json\/wp\/v2\/media\/9819"}],"wp:attachment":[{"href":"https:\/\/nautibrothers.pt\/en\/wp-json\/wp\/v2\/media?parent=13021"}],"wp:term":[{"taxonomy":"product_cat","embeddable":true,"href":"https:\/\/nautibrothers.pt\/en\/wp-json\/wp\/v2\/product_cat?post=13021"},{"taxonomy":"product_tag","embeddable":true,"href":"https:\/\/nautibrothers.pt\/en\/wp-json\/wp\/v2\/product_tag?post=13021"}],"curies":[{"name":"wp","href":"https:\/\/api.w.org\/{rel}","templated":true}]}}