{"id":13057,"date":"2024-10-11T14:29:43","date_gmt":"2024-10-11T14:29:43","guid":{"rendered":"https:\/\/nautibrothers.pt\/?post_type=product&#038;p=13057"},"modified":"2024-10-29T11:11:43","modified_gmt":"2024-10-29T11:11:43","slug":"escovens-em-latao-cromados","status":"publish","type":"product","link":"https:\/\/nautibrothers.pt\/en\/produto\/escovens-em-latao-cromados\/","title":{"rendered":"Escovens em lat\u00e3o cromados"},"content":{"rendered":"<p>Escovens em lat\u00e3o cromados<\/p>\n","protected":false},"excerpt":{"rendered":"<p>Fabricado em lat\u00e3o, utilizado nas embarca\u00e7\u00f5es para amarra\u00e7\u00e3o das mesmas<\/p>\n","protected":false},"featured_media":15488,"template":"","meta":{"inline_featured_image":false},"product_cat":[1277],"product_tag":[],"class_list":{"0":"post-13057","1":"product","2":"type-product","3":"status-publish","4":"has-post-thumbnail","6":"product_cat-escovens-castanhas","8":"first","9":"instock","10":"sold-individually","11":"shipping-taxable","12":"purchasable","13":"product-type-variable"},"acf":[],"_links":{"self":[{"href":"https:\/\/nautibrothers.pt\/en\/wp-json\/wp\/v2\/product\/13057","targetHints":{"allow":["GET"]}}],"collection":[{"href":"https:\/\/nautibrothers.pt\/en\/wp-json\/wp\/v2\/product"}],"about":[{"href":"https:\/\/nautibrothers.pt\/en\/wp-json\/wp\/v2\/types\/product"}],"wp:featuredmedia":[{"embeddable":true,"href":"https:\/\/nautibrothers.pt\/en\/wp-json\/wp\/v2\/media\/15488"}],"wp:attachment":[{"href":"https:\/\/nautibrothers.pt\/en\/wp-json\/wp\/v2\/media?parent=13057"}],"wp:term":[{"taxonomy":"product_cat","embeddable":true,"href":"https:\/\/nautibrothers.pt\/en\/wp-json\/wp\/v2\/product_cat?post=13057"},{"taxonomy":"product_tag","embeddable":true,"href":"https:\/\/nautibrothers.pt\/en\/wp-json\/wp\/v2\/product_tag?post=13057"}],"curies":[{"name":"wp","href":"https:\/\/api.w.org\/{rel}","templated":true}]}}