{"id":13061,"date":"2024-10-11T14:29:45","date_gmt":"2024-10-11T14:29:45","guid":{"rendered":"https:\/\/nautibrothers.pt\/?post_type=product&#038;p=13061"},"modified":"2024-10-29T11:13:38","modified_gmt":"2024-10-29T11:13:38","slug":"escovens-castanhas-aco-inoxidavel","status":"publish","type":"product","link":"https:\/\/nautibrothers.pt\/en\/produto\/escovens-castanhas-aco-inoxidavel\/","title":{"rendered":"Escovens\/Castanhas a\u00e7o inoxid\u00e1vel"},"content":{"rendered":"<p>Escovens\/Castanhas a\u00e7o inoxid\u00e1vel<\/p>\n","protected":false},"excerpt":{"rendered":"<p>Fabricado em inox, utilizado nas embarca\u00e7\u00f5es para amarra\u00e7\u00e3o das mesmas<\/p>\n","protected":false},"featured_media":15490,"template":"","meta":{"inline_featured_image":false},"product_cat":[1277],"product_tag":[],"class_list":{"0":"post-13061","1":"product","2":"type-product","3":"status-publish","4":"has-post-thumbnail","6":"product_cat-escovens-castanhas","8":"first","9":"instock","10":"sold-individually","11":"shipping-taxable","12":"purchasable","13":"product-type-variable"},"acf":[],"_links":{"self":[{"href":"https:\/\/nautibrothers.pt\/en\/wp-json\/wp\/v2\/product\/13061","targetHints":{"allow":["GET"]}}],"collection":[{"href":"https:\/\/nautibrothers.pt\/en\/wp-json\/wp\/v2\/product"}],"about":[{"href":"https:\/\/nautibrothers.pt\/en\/wp-json\/wp\/v2\/types\/product"}],"wp:featuredmedia":[{"embeddable":true,"href":"https:\/\/nautibrothers.pt\/en\/wp-json\/wp\/v2\/media\/15490"}],"wp:attachment":[{"href":"https:\/\/nautibrothers.pt\/en\/wp-json\/wp\/v2\/media?parent=13061"}],"wp:term":[{"taxonomy":"product_cat","embeddable":true,"href":"https:\/\/nautibrothers.pt\/en\/wp-json\/wp\/v2\/product_cat?post=13061"},{"taxonomy":"product_tag","embeddable":true,"href":"https:\/\/nautibrothers.pt\/en\/wp-json\/wp\/v2\/product_tag?post=13061"}],"curies":[{"name":"wp","href":"https:\/\/api.w.org\/{rel}","templated":true}]}}