{"id":13064,"date":"2024-10-11T14:29:46","date_gmt":"2024-10-11T14:29:46","guid":{"rendered":"https:\/\/nautibrothers.pt\/?post_type=product&#038;p=13064"},"modified":"2024-10-11T14:30:12","modified_gmt":"2024-10-11T14:30:12","slug":"esticador-de-tubo-inox-forqueta-e-terminal-de-prensar","status":"publish","type":"product","link":"https:\/\/nautibrothers.pt\/en\/produto\/esticador-de-tubo-inox-forqueta-e-terminal-de-prensar\/","title":{"rendered":"Esticador de tubo inox forqueta e terminal de prensar"},"content":{"rendered":"<p>Esticador de tubo inox forqueta e terminal de prensar<\/p>\n","protected":false},"excerpt":{"rendered":"<p>Fabricado em a\u00e7o inox AISI316, utilizado na na\u00fatica e constru\u00e7\u00e3o civil para v\u00e1rios fins<\/p>\n","protected":false},"featured_media":9871,"template":"","meta":{"inline_featured_image":false},"product_cat":[1278],"product_tag":[],"class_list":{"0":"post-13064","1":"product","2":"type-product","3":"status-publish","4":"has-post-thumbnail","6":"product_cat-esticadores","8":"first","9":"instock","10":"sold-individually","11":"shipping-taxable","12":"purchasable","13":"product-type-variable"},"acf":[],"_links":{"self":[{"href":"https:\/\/nautibrothers.pt\/en\/wp-json\/wp\/v2\/product\/13064","targetHints":{"allow":["GET"]}}],"collection":[{"href":"https:\/\/nautibrothers.pt\/en\/wp-json\/wp\/v2\/product"}],"about":[{"href":"https:\/\/nautibrothers.pt\/en\/wp-json\/wp\/v2\/types\/product"}],"wp:featuredmedia":[{"embeddable":true,"href":"https:\/\/nautibrothers.pt\/en\/wp-json\/wp\/v2\/media\/9871"}],"wp:attachment":[{"href":"https:\/\/nautibrothers.pt\/en\/wp-json\/wp\/v2\/media?parent=13064"}],"wp:term":[{"taxonomy":"product_cat","embeddable":true,"href":"https:\/\/nautibrothers.pt\/en\/wp-json\/wp\/v2\/product_cat?post=13064"},{"taxonomy":"product_tag","embeddable":true,"href":"https:\/\/nautibrothers.pt\/en\/wp-json\/wp\/v2\/product_tag?post=13064"}],"curies":[{"name":"wp","href":"https:\/\/api.w.org\/{rel}","templated":true}]}}