{"id":13105,"date":"2024-10-11T14:30:57","date_gmt":"2024-10-11T14:30:57","guid":{"rendered":"https:\/\/nautibrothers.pt\/?post_type=product&#038;p=13105"},"modified":"2024-10-11T14:31:35","modified_gmt":"2024-10-11T14:31:35","slug":"estropo-cabo-aco-inox-com-alcas-feitos-a-medida","status":"publish","type":"product","link":"https:\/\/nautibrothers.pt\/en\/produto\/estropo-cabo-aco-inox-com-alcas-feitos-a-medida\/","title":{"rendered":"Estropo cabo a\u00e7o inox com al\u00e7as feitos \u00e0 medida"},"content":{"rendered":"<p>Estropo cabo a\u00e7o inox com al\u00e7as feitos \u00e0 medida<\/p>\n","protected":false},"excerpt":{"rendered":"<p>Cabo de a\u00e7o inox com al\u00e7as nas pontas, feito \u00e0 medida<\/p>\n","protected":false},"featured_media":9943,"template":"","meta":{"inline_featured_image":false},"product_cat":[1285],"product_tag":[],"class_list":{"0":"post-13105","1":"product","2":"type-product","3":"status-publish","4":"has-post-thumbnail","6":"product_cat-estropos","8":"first","9":"instock","10":"sold-individually","11":"shipping-taxable","12":"purchasable","13":"product-type-variable"},"acf":[],"_links":{"self":[{"href":"https:\/\/nautibrothers.pt\/en\/wp-json\/wp\/v2\/product\/13105","targetHints":{"allow":["GET"]}}],"collection":[{"href":"https:\/\/nautibrothers.pt\/en\/wp-json\/wp\/v2\/product"}],"about":[{"href":"https:\/\/nautibrothers.pt\/en\/wp-json\/wp\/v2\/types\/product"}],"wp:featuredmedia":[{"embeddable":true,"href":"https:\/\/nautibrothers.pt\/en\/wp-json\/wp\/v2\/media\/9943"}],"wp:attachment":[{"href":"https:\/\/nautibrothers.pt\/en\/wp-json\/wp\/v2\/media?parent=13105"}],"wp:term":[{"taxonomy":"product_cat","embeddable":true,"href":"https:\/\/nautibrothers.pt\/en\/wp-json\/wp\/v2\/product_cat?post=13105"},{"taxonomy":"product_tag","embeddable":true,"href":"https:\/\/nautibrothers.pt\/en\/wp-json\/wp\/v2\/product_tag?post=13105"}],"curies":[{"name":"wp","href":"https:\/\/api.w.org\/{rel}","templated":true}]}}