{"id":13182,"date":"2024-10-11T14:33:07","date_gmt":"2024-10-11T14:33:07","guid":{"rendered":"https:\/\/nautibrothers.pt\/?post_type=product&#038;p=13182"},"modified":"2024-10-25T15:56:03","modified_gmt":"2024-10-25T15:56:03","slug":"moitao-de-inox-com-olhal-tornel","status":"publish","type":"product","link":"https:\/\/nautibrothers.pt\/en\/produto\/moitao-de-inox-com-olhal-tornel\/","title":{"rendered":"Moit\u00e3o de inox com olhal tornel"},"content":{"rendered":"<p>Moit\u00e3o de inox com olhal tornel<\/p>\n","protected":false},"excerpt":{"rendered":"<p>Fabricado em a\u00e7o inox AISI316, utilizado para eleva\u00e7\u00e3o de carga<\/p>\n","protected":false},"featured_media":15427,"template":"","meta":{"inline_featured_image":false},"product_cat":[1307],"product_tag":[],"class_list":{"0":"post-13182","1":"product","2":"type-product","3":"status-publish","4":"has-post-thumbnail","6":"product_cat-moitoes","8":"first","9":"instock","10":"sold-individually","11":"shipping-taxable","12":"purchasable","13":"product-type-variable"},"acf":[],"_links":{"self":[{"href":"https:\/\/nautibrothers.pt\/en\/wp-json\/wp\/v2\/product\/13182","targetHints":{"allow":["GET"]}}],"collection":[{"href":"https:\/\/nautibrothers.pt\/en\/wp-json\/wp\/v2\/product"}],"about":[{"href":"https:\/\/nautibrothers.pt\/en\/wp-json\/wp\/v2\/types\/product"}],"wp:featuredmedia":[{"embeddable":true,"href":"https:\/\/nautibrothers.pt\/en\/wp-json\/wp\/v2\/media\/15427"}],"wp:attachment":[{"href":"https:\/\/nautibrothers.pt\/en\/wp-json\/wp\/v2\/media?parent=13182"}],"wp:term":[{"taxonomy":"product_cat","embeddable":true,"href":"https:\/\/nautibrothers.pt\/en\/wp-json\/wp\/v2\/product_cat?post=13182"},{"taxonomy":"product_tag","embeddable":true,"href":"https:\/\/nautibrothers.pt\/en\/wp-json\/wp\/v2\/product_tag?post=13182"}],"curies":[{"name":"wp","href":"https:\/\/api.w.org\/{rel}","templated":true}]}}