{"id":13228,"date":"2024-10-11T14:34:33","date_gmt":"2024-10-11T14:34:33","guid":{"rendered":"https:\/\/nautibrothers.pt\/?post_type=product&#038;p=13228"},"modified":"2024-10-11T14:35:06","modified_gmt":"2024-10-11T14:35:06","slug":"olhais-de-suspensao-inox-din-580-macho","status":"publish","type":"product","link":"https:\/\/nautibrothers.pt\/en\/produto\/olhais-de-suspensao-inox-din-580-macho\/","title":{"rendered":"Olhais de suspens\u00e3o inox Din 580 (macho)"},"content":{"rendered":"<p>Olhais de suspens\u00e3o inox Din 580 (macho)<\/p>\n","protected":false},"excerpt":{"rendered":"<p>Fabricado em a\u00e7o inox Din 580, anel de eleva\u00e7\u00e3o, fixa\u00e7\u00e3o de cargas e outros fins<\/p>\n","protected":false},"featured_media":10129,"template":"","meta":{"inline_featured_image":false},"product_cat":[1320],"product_tag":[],"class_list":{"0":"post-13228","1":"product","2":"type-product","3":"status-publish","4":"has-post-thumbnail","6":"product_cat-olhais-de-suspensao","8":"first","9":"instock","10":"sold-individually","11":"shipping-taxable","12":"purchasable","13":"product-type-variable"},"acf":[],"_links":{"self":[{"href":"https:\/\/nautibrothers.pt\/en\/wp-json\/wp\/v2\/product\/13228","targetHints":{"allow":["GET"]}}],"collection":[{"href":"https:\/\/nautibrothers.pt\/en\/wp-json\/wp\/v2\/product"}],"about":[{"href":"https:\/\/nautibrothers.pt\/en\/wp-json\/wp\/v2\/types\/product"}],"wp:featuredmedia":[{"embeddable":true,"href":"https:\/\/nautibrothers.pt\/en\/wp-json\/wp\/v2\/media\/10129"}],"wp:attachment":[{"href":"https:\/\/nautibrothers.pt\/en\/wp-json\/wp\/v2\/media?parent=13228"}],"wp:term":[{"taxonomy":"product_cat","embeddable":true,"href":"https:\/\/nautibrothers.pt\/en\/wp-json\/wp\/v2\/product_cat?post=13228"},{"taxonomy":"product_tag","embeddable":true,"href":"https:\/\/nautibrothers.pt\/en\/wp-json\/wp\/v2\/product_tag?post=13228"}],"curies":[{"name":"wp","href":"https:\/\/api.w.org\/{rel}","templated":true}]}}