{"id":13333,"date":"2024-10-11T14:37:09","date_gmt":"2024-10-11T14:37:09","guid":{"rendered":"https:\/\/nautibrothers.pt\/?post_type=product&#038;p=13333"},"modified":"2024-10-11T14:37:40","modified_gmt":"2024-10-11T14:37:40","slug":"terminais-de-forqueta-inox-para-prensar-em-cabo","status":"publish","type":"product","link":"https:\/\/nautibrothers.pt\/en\/produto\/terminais-de-forqueta-inox-para-prensar-em-cabo\/","title":{"rendered":"Terminais de forqueta inox para prensar em cabo"},"content":{"rendered":"<p>Terminais de forqueta inox para prensar em cabo<\/p>\n","protected":false},"excerpt":{"rendered":"<p>Fabricado em a\u00e7o inox AISI316, para aplicar na ponta do cabo de a\u00e7o, utilizado para v\u00e1rios fins<\/p>\n","protected":false},"featured_media":10255,"template":"","meta":{"inline_featured_image":false},"product_cat":[1360],"product_tag":[],"class_list":{"0":"post-13333","1":"product","2":"type-product","3":"status-publish","4":"has-post-thumbnail","6":"product_cat-terminais","8":"first","9":"instock","10":"sold-individually","11":"shipping-taxable","12":"purchasable","13":"product-type-variable"},"acf":[],"_links":{"self":[{"href":"https:\/\/nautibrothers.pt\/en\/wp-json\/wp\/v2\/product\/13333","targetHints":{"allow":["GET"]}}],"collection":[{"href":"https:\/\/nautibrothers.pt\/en\/wp-json\/wp\/v2\/product"}],"about":[{"href":"https:\/\/nautibrothers.pt\/en\/wp-json\/wp\/v2\/types\/product"}],"wp:featuredmedia":[{"embeddable":true,"href":"https:\/\/nautibrothers.pt\/en\/wp-json\/wp\/v2\/media\/10255"}],"wp:attachment":[{"href":"https:\/\/nautibrothers.pt\/en\/wp-json\/wp\/v2\/media?parent=13333"}],"wp:term":[{"taxonomy":"product_cat","embeddable":true,"href":"https:\/\/nautibrothers.pt\/en\/wp-json\/wp\/v2\/product_cat?post=13333"},{"taxonomy":"product_tag","embeddable":true,"href":"https:\/\/nautibrothers.pt\/en\/wp-json\/wp\/v2\/product_tag?post=13333"}],"curies":[{"name":"wp","href":"https:\/\/api.w.org\/{rel}","templated":true}]}}