{"id":13351,"date":"2024-10-11T14:37:17","date_gmt":"2024-10-11T14:37:17","guid":{"rendered":"https:\/\/nautibrothers.pt\/?post_type=product&#038;p=13351"},"modified":"2024-10-11T14:38:25","modified_gmt":"2024-10-11T14:38:25","slug":"terminais-de-rosca-em-aco-inox-para-prensar","status":"publish","type":"product","link":"https:\/\/nautibrothers.pt\/en\/produto\/terminais-de-rosca-em-aco-inox-para-prensar\/","title":{"rendered":"Terminais de rosca em a\u00e7o inox para prensar"},"content":{"rendered":"<p>Terminais de rosca em a\u00e7o inox para prensar<\/p>\n","protected":false},"excerpt":{"rendered":"<p>Fabricado em a\u00e7o inox AISI316, para aplicar na ponta do cabo de a\u00e7o, utilizado para v\u00e1rios fins<\/p>\n","protected":false},"featured_media":10293,"template":"","meta":{"inline_featured_image":false},"product_cat":[1360],"product_tag":[],"class_list":{"0":"post-13351","1":"product","2":"type-product","3":"status-publish","4":"has-post-thumbnail","6":"product_cat-terminais","8":"first","9":"instock","10":"sold-individually","11":"shipping-taxable","12":"purchasable","13":"product-type-variable"},"acf":[],"_links":{"self":[{"href":"https:\/\/nautibrothers.pt\/en\/wp-json\/wp\/v2\/product\/13351","targetHints":{"allow":["GET"]}}],"collection":[{"href":"https:\/\/nautibrothers.pt\/en\/wp-json\/wp\/v2\/product"}],"about":[{"href":"https:\/\/nautibrothers.pt\/en\/wp-json\/wp\/v2\/types\/product"}],"wp:featuredmedia":[{"embeddable":true,"href":"https:\/\/nautibrothers.pt\/en\/wp-json\/wp\/v2\/media\/10293"}],"wp:attachment":[{"href":"https:\/\/nautibrothers.pt\/en\/wp-json\/wp\/v2\/media?parent=13351"}],"wp:term":[{"taxonomy":"product_cat","embeddable":true,"href":"https:\/\/nautibrothers.pt\/en\/wp-json\/wp\/v2\/product_cat?post=13351"},{"taxonomy":"product_tag","embeddable":true,"href":"https:\/\/nautibrothers.pt\/en\/wp-json\/wp\/v2\/product_tag?post=13351"}],"curies":[{"name":"wp","href":"https:\/\/api.w.org\/{rel}","templated":true}]}}