{"id":13430,"date":"2024-10-11T14:39:50","date_gmt":"2024-10-11T14:39:50","guid":{"rendered":"https:\/\/nautibrothers.pt\/?post_type=product&#038;p=13430"},"modified":"2024-10-29T10:49:02","modified_gmt":"2024-10-29T10:49:02","slug":"cadernal-2-gornes-para-cabo-de-aco-com-olhal","status":"publish","type":"product","link":"https:\/\/nautibrothers.pt\/en\/produto\/cadernal-2-gornes-para-cabo-de-aco-com-olhal\/","title":{"rendered":"Cadernal 2 gornes para cabo de a\u00e7o com olhal"},"content":{"rendered":"<p>Cadernal 2 gornes para cabo de a\u00e7o com olhal<\/p>\n","protected":false},"excerpt":{"rendered":"<p>Fabricado em a\u00e7o, com olhal na ponta, utilizado para eleva\u00e7\u00e3o de carga<\/p>\n","protected":false},"featured_media":15467,"template":"","meta":{"inline_featured_image":false},"product_cat":[1382],"product_tag":[],"class_list":{"0":"post-13430","1":"product","2":"type-product","3":"status-publish","4":"has-post-thumbnail","6":"product_cat-cadernais","8":"first","9":"instock","10":"sold-individually","11":"shipping-taxable","12":"purchasable","13":"product-type-variable"},"acf":[],"_links":{"self":[{"href":"https:\/\/nautibrothers.pt\/en\/wp-json\/wp\/v2\/product\/13430","targetHints":{"allow":["GET"]}}],"collection":[{"href":"https:\/\/nautibrothers.pt\/en\/wp-json\/wp\/v2\/product"}],"about":[{"href":"https:\/\/nautibrothers.pt\/en\/wp-json\/wp\/v2\/types\/product"}],"wp:featuredmedia":[{"embeddable":true,"href":"https:\/\/nautibrothers.pt\/en\/wp-json\/wp\/v2\/media\/15467"}],"wp:attachment":[{"href":"https:\/\/nautibrothers.pt\/en\/wp-json\/wp\/v2\/media?parent=13430"}],"wp:term":[{"taxonomy":"product_cat","embeddable":true,"href":"https:\/\/nautibrothers.pt\/en\/wp-json\/wp\/v2\/product_cat?post=13430"},{"taxonomy":"product_tag","embeddable":true,"href":"https:\/\/nautibrothers.pt\/en\/wp-json\/wp\/v2\/product_tag?post=13430"}],"curies":[{"name":"wp","href":"https:\/\/api.w.org\/{rel}","templated":true}]}}