{"id":13453,"date":"2024-10-11T14:40:34","date_gmt":"2024-10-11T14:40:34","guid":{"rendered":"https:\/\/nautibrothers.pt\/?post_type=product&#038;p=13453"},"modified":"2024-10-11T14:41:04","modified_gmt":"2024-10-11T14:41:04","slug":"cadernal-guarda-fios","status":"publish","type":"product","link":"https:\/\/nautibrothers.pt\/en\/produto\/cadernal-guarda-fios\/","title":{"rendered":"Cadernal guarda fios"},"content":{"rendered":"<p>Cadernal guarda fios<\/p>\n","protected":false},"excerpt":{"rendered":"<p>Fabricado em a\u00e7o, com gancho na ponta, utilizado para eleva\u00e7\u00e3o de carga<\/p>\n","protected":false},"featured_media":10425,"template":"","meta":{"inline_featured_image":false},"product_cat":[1382],"product_tag":[],"class_list":{"0":"post-13453","1":"product","2":"type-product","3":"status-publish","4":"has-post-thumbnail","6":"product_cat-cadernais","8":"first","9":"instock","10":"sold-individually","11":"shipping-taxable","12":"purchasable","13":"product-type-variable"},"acf":[],"_links":{"self":[{"href":"https:\/\/nautibrothers.pt\/en\/wp-json\/wp\/v2\/product\/13453","targetHints":{"allow":["GET"]}}],"collection":[{"href":"https:\/\/nautibrothers.pt\/en\/wp-json\/wp\/v2\/product"}],"about":[{"href":"https:\/\/nautibrothers.pt\/en\/wp-json\/wp\/v2\/types\/product"}],"wp:featuredmedia":[{"embeddable":true,"href":"https:\/\/nautibrothers.pt\/en\/wp-json\/wp\/v2\/media\/10425"}],"wp:attachment":[{"href":"https:\/\/nautibrothers.pt\/en\/wp-json\/wp\/v2\/media?parent=13453"}],"wp:term":[{"taxonomy":"product_cat","embeddable":true,"href":"https:\/\/nautibrothers.pt\/en\/wp-json\/wp\/v2\/product_cat?post=13453"},{"taxonomy":"product_tag","embeddable":true,"href":"https:\/\/nautibrothers.pt\/en\/wp-json\/wp\/v2\/product_tag?post=13453"}],"curies":[{"name":"wp","href":"https:\/\/api.w.org\/{rel}","templated":true}]}}