{"id":13468,"date":"2024-10-11T14:41:11","date_gmt":"2024-10-11T14:41:11","guid":{"rendered":"https:\/\/nautibrothers.pt\/?post_type=product&#038;p=13468"},"modified":"2024-10-11T14:41:43","modified_gmt":"2024-10-11T14:41:43","slug":"cadernal-modelo-standard-3-gornes-com-gato","status":"publish","type":"product","link":"https:\/\/nautibrothers.pt\/en\/produto\/cadernal-modelo-standard-3-gornes-com-gato\/","title":{"rendered":"Cadernal modelo standard 3 gornes com gato"},"content":{"rendered":"<p>Cadernal modelo standard 3 gornes com gato<\/p>\n","protected":false},"excerpt":{"rendered":"<p>Fabricado em a\u00e7o, com gato na ponta, utilizado para eleva\u00e7\u00e3o de carga<\/p>\n","protected":false},"featured_media":10459,"template":"","meta":{"inline_featured_image":false},"product_cat":[1382],"product_tag":[],"class_list":{"0":"post-13468","1":"product","2":"type-product","3":"status-publish","4":"has-post-thumbnail","6":"product_cat-cadernais","8":"first","9":"instock","10":"sold-individually","11":"shipping-taxable","12":"purchasable","13":"product-type-variable"},"acf":[],"_links":{"self":[{"href":"https:\/\/nautibrothers.pt\/en\/wp-json\/wp\/v2\/product\/13468","targetHints":{"allow":["GET"]}}],"collection":[{"href":"https:\/\/nautibrothers.pt\/en\/wp-json\/wp\/v2\/product"}],"about":[{"href":"https:\/\/nautibrothers.pt\/en\/wp-json\/wp\/v2\/types\/product"}],"wp:featuredmedia":[{"embeddable":true,"href":"https:\/\/nautibrothers.pt\/en\/wp-json\/wp\/v2\/media\/10459"}],"wp:attachment":[{"href":"https:\/\/nautibrothers.pt\/en\/wp-json\/wp\/v2\/media?parent=13468"}],"wp:term":[{"taxonomy":"product_cat","embeddable":true,"href":"https:\/\/nautibrothers.pt\/en\/wp-json\/wp\/v2\/product_cat?post=13468"},{"taxonomy":"product_tag","embeddable":true,"href":"https:\/\/nautibrothers.pt\/en\/wp-json\/wp\/v2\/product_tag?post=13468"}],"curies":[{"name":"wp","href":"https:\/\/api.w.org\/{rel}","templated":true}]}}