{"id":13491,"date":"2024-10-11T14:41:54","date_gmt":"2024-10-11T14:41:54","guid":{"rendered":"https:\/\/nautibrothers.pt\/?post_type=product&#038;p=13491"},"modified":"2024-10-29T10:56:20","modified_gmt":"2024-10-29T10:56:20","slug":"catrina-modelo-ingles-com-olhal-tornel","status":"publish","type":"product","link":"https:\/\/nautibrothers.pt\/en\/produto\/catrina-modelo-ingles-com-olhal-tornel\/","title":{"rendered":"Catrina modelo ingl\u00eas com olhal tornel"},"content":{"rendered":"<p>Catrina modelo ingl\u00eas com olhal tornel<\/p>\n","protected":false},"excerpt":{"rendered":"<p>Fabricado em a\u00e7o, utilizado para eleva\u00e7\u00e3o de carga<\/p>\n","protected":false},"featured_media":15473,"template":"","meta":{"inline_featured_image":false},"product_cat":[1395],"product_tag":[],"class_list":{"0":"post-13491","1":"product","2":"type-product","3":"status-publish","4":"has-post-thumbnail","6":"product_cat-catrinas","8":"first","9":"instock","10":"sold-individually","11":"shipping-taxable","12":"purchasable","13":"product-type-variable"},"acf":[],"_links":{"self":[{"href":"https:\/\/nautibrothers.pt\/en\/wp-json\/wp\/v2\/product\/13491","targetHints":{"allow":["GET"]}}],"collection":[{"href":"https:\/\/nautibrothers.pt\/en\/wp-json\/wp\/v2\/product"}],"about":[{"href":"https:\/\/nautibrothers.pt\/en\/wp-json\/wp\/v2\/types\/product"}],"wp:featuredmedia":[{"embeddable":true,"href":"https:\/\/nautibrothers.pt\/en\/wp-json\/wp\/v2\/media\/15473"}],"wp:attachment":[{"href":"https:\/\/nautibrothers.pt\/en\/wp-json\/wp\/v2\/media?parent=13491"}],"wp:term":[{"taxonomy":"product_cat","embeddable":true,"href":"https:\/\/nautibrothers.pt\/en\/wp-json\/wp\/v2\/product_cat?post=13491"},{"taxonomy":"product_tag","embeddable":true,"href":"https:\/\/nautibrothers.pt\/en\/wp-json\/wp\/v2\/product_tag?post=13491"}],"curies":[{"name":"wp","href":"https:\/\/api.w.org\/{rel}","templated":true}]}}