{"id":13498,"date":"2024-10-11T14:41:57","date_gmt":"2024-10-11T14:41:57","guid":{"rendered":"https:\/\/nautibrothers.pt\/?post_type=product&#038;p=13498"},"modified":"2024-10-29T10:58:22","modified_gmt":"2024-10-29T10:58:22","slug":"catrina-tipo-bloco","status":"publish","type":"product","link":"https:\/\/nautibrothers.pt\/en\/produto\/catrina-tipo-bloco\/","title":{"rendered":"Catrina tipo bloco"},"content":{"rendered":"<p>Catrina tipo bloco<\/p>\n","protected":false},"excerpt":{"rendered":"<p>Fabricado em a\u00e7o, utilizado para eleva\u00e7\u00e3o de carga<\/p>\n","protected":false},"featured_media":15475,"template":"","meta":{"inline_featured_image":false},"product_cat":[1395],"product_tag":[],"class_list":{"0":"post-13498","1":"product","2":"type-product","3":"status-publish","4":"has-post-thumbnail","6":"product_cat-catrinas","8":"first","9":"instock","10":"sold-individually","11":"shipping-taxable","12":"purchasable","13":"product-type-variable"},"acf":[],"_links":{"self":[{"href":"https:\/\/nautibrothers.pt\/en\/wp-json\/wp\/v2\/product\/13498","targetHints":{"allow":["GET"]}}],"collection":[{"href":"https:\/\/nautibrothers.pt\/en\/wp-json\/wp\/v2\/product"}],"about":[{"href":"https:\/\/nautibrothers.pt\/en\/wp-json\/wp\/v2\/types\/product"}],"wp:featuredmedia":[{"embeddable":true,"href":"https:\/\/nautibrothers.pt\/en\/wp-json\/wp\/v2\/media\/15475"}],"wp:attachment":[{"href":"https:\/\/nautibrothers.pt\/en\/wp-json\/wp\/v2\/media?parent=13498"}],"wp:term":[{"taxonomy":"product_cat","embeddable":true,"href":"https:\/\/nautibrothers.pt\/en\/wp-json\/wp\/v2\/product_cat?post=13498"},{"taxonomy":"product_tag","embeddable":true,"href":"https:\/\/nautibrothers.pt\/en\/wp-json\/wp\/v2\/product_tag?post=13498"}],"curies":[{"name":"wp","href":"https:\/\/api.w.org\/{rel}","templated":true}]}}