{"id":13576,"date":"2024-10-11T14:44:10","date_gmt":"2024-10-11T14:44:10","guid":{"rendered":"https:\/\/nautibrothers.pt\/?post_type=product&#038;p=13576"},"modified":"2024-10-11T14:45:17","modified_gmt":"2024-10-11T14:45:17","slug":"desperdicio","status":"publish","type":"product","link":"https:\/\/nautibrothers.pt\/en\/produto\/desperdicio\/","title":{"rendered":"Desperd\u00edcio"},"content":{"rendered":"<p>Desperd\u00edcio<\/p>\n","protected":false},"excerpt":{"rendered":"<p>Fabricado com fios reciclados atrav\u00e9s de desperd\u00edcios t\u00eaxteis<\/p>\n","protected":false},"featured_media":10579,"template":"","meta":{"inline_featured_image":false},"product_cat":[1441],"product_tag":[],"class_list":{"0":"post-13576","1":"product","2":"type-product","3":"status-publish","4":"has-post-thumbnail","6":"product_cat-desperdicio","8":"first","9":"instock","10":"sold-individually","11":"shipping-taxable","12":"purchasable","13":"product-type-variable"},"acf":[],"_links":{"self":[{"href":"https:\/\/nautibrothers.pt\/en\/wp-json\/wp\/v2\/product\/13576","targetHints":{"allow":["GET"]}}],"collection":[{"href":"https:\/\/nautibrothers.pt\/en\/wp-json\/wp\/v2\/product"}],"about":[{"href":"https:\/\/nautibrothers.pt\/en\/wp-json\/wp\/v2\/types\/product"}],"wp:featuredmedia":[{"embeddable":true,"href":"https:\/\/nautibrothers.pt\/en\/wp-json\/wp\/v2\/media\/10579"}],"wp:attachment":[{"href":"https:\/\/nautibrothers.pt\/en\/wp-json\/wp\/v2\/media?parent=13576"}],"wp:term":[{"taxonomy":"product_cat","embeddable":true,"href":"https:\/\/nautibrothers.pt\/en\/wp-json\/wp\/v2\/product_cat?post=13576"},{"taxonomy":"product_tag","embeddable":true,"href":"https:\/\/nautibrothers.pt\/en\/wp-json\/wp\/v2\/product_tag?post=13576"}],"curies":[{"name":"wp","href":"https:\/\/api.w.org\/{rel}","templated":true}]}}