{"id":13745,"date":"2024-10-11T14:48:49","date_gmt":"2024-10-11T14:48:49","guid":{"rendered":"https:\/\/nautibrothers.pt\/?post_type=product&#038;p=13745"},"modified":"2024-10-11T14:49:17","modified_gmt":"2024-10-11T14:49:17","slug":"estropo-cabo-de-massa-feitos-a-medida","status":"publish","type":"product","link":"https:\/\/nautibrothers.pt\/en\/produto\/estropo-cabo-de-massa-feitos-a-medida\/","title":{"rendered":"Estropo cabo de massa feitos \u00e0 medida"},"content":{"rendered":"<p>Estropo cabo de massa feitos \u00e0 medida com sapatilhos ou al\u00e7as<\/p>\n","protected":false},"excerpt":{"rendered":"<p>Cabo de sisal, nylon, polietileno, linho ou algod\u00e3o com al\u00e7as nas pontas, feito \u00e0 medida<\/p>\n","protected":false},"featured_media":10803,"template":"","meta":{"inline_featured_image":false},"product_cat":[1490],"product_tag":[],"class_list":{"0":"post-13745","1":"product","2":"type-product","3":"status-publish","4":"has-post-thumbnail","6":"product_cat-estropos-navios-e-pesca","8":"first","9":"instock","10":"sold-individually","11":"shipping-taxable","12":"purchasable","13":"product-type-variable"},"acf":[],"_links":{"self":[{"href":"https:\/\/nautibrothers.pt\/en\/wp-json\/wp\/v2\/product\/13745","targetHints":{"allow":["GET"]}}],"collection":[{"href":"https:\/\/nautibrothers.pt\/en\/wp-json\/wp\/v2\/product"}],"about":[{"href":"https:\/\/nautibrothers.pt\/en\/wp-json\/wp\/v2\/types\/product"}],"wp:featuredmedia":[{"embeddable":true,"href":"https:\/\/nautibrothers.pt\/en\/wp-json\/wp\/v2\/media\/10803"}],"wp:attachment":[{"href":"https:\/\/nautibrothers.pt\/en\/wp-json\/wp\/v2\/media?parent=13745"}],"wp:term":[{"taxonomy":"product_cat","embeddable":true,"href":"https:\/\/nautibrothers.pt\/en\/wp-json\/wp\/v2\/product_cat?post=13745"},{"taxonomy":"product_tag","embeddable":true,"href":"https:\/\/nautibrothers.pt\/en\/wp-json\/wp\/v2\/product_tag?post=13745"}],"curies":[{"name":"wp","href":"https:\/\/api.w.org\/{rel}","templated":true}]}}