{"id":13747,"date":"2024-10-11T14:48:50","date_gmt":"2024-10-11T14:48:50","guid":{"rendered":"https:\/\/nautibrothers.pt\/?post_type=product&#038;p=13747"},"modified":"2024-10-11T14:49:18","modified_gmt":"2024-10-11T14:49:18","slug":"estropo-cabo-de-aco-galvanizado-com-sapatilhos-nas-pontas-feitos-a-medida","status":"publish","type":"product","link":"https:\/\/nautibrothers.pt\/en\/produto\/estropo-cabo-de-aco-galvanizado-com-sapatilhos-nas-pontas-feitos-a-medida\/","title":{"rendered":"Estropo cabo de a\u00e7o galvanizado com sapatilhos nas pontas feitos \u00e0 medida"},"content":{"rendered":"<p>Estropo cabo de a\u00e7o galvanizado com sapatilhos nas pontas feitos \u00e0 medida<\/p>\n","protected":false},"excerpt":{"rendered":"<p>Cabo de a\u00e7o com sapatilhos nas pontas, feito \u00e0 medida<\/p>\n","protected":false},"featured_media":10805,"template":"","meta":{"inline_featured_image":false},"product_cat":[1490],"product_tag":[],"class_list":{"0":"post-13747","1":"product","2":"type-product","3":"status-publish","4":"has-post-thumbnail","6":"product_cat-estropos-navios-e-pesca","8":"first","9":"instock","10":"sold-individually","11":"shipping-taxable","12":"purchasable","13":"product-type-variable"},"acf":[],"_links":{"self":[{"href":"https:\/\/nautibrothers.pt\/en\/wp-json\/wp\/v2\/product\/13747","targetHints":{"allow":["GET"]}}],"collection":[{"href":"https:\/\/nautibrothers.pt\/en\/wp-json\/wp\/v2\/product"}],"about":[{"href":"https:\/\/nautibrothers.pt\/en\/wp-json\/wp\/v2\/types\/product"}],"wp:featuredmedia":[{"embeddable":true,"href":"https:\/\/nautibrothers.pt\/en\/wp-json\/wp\/v2\/media\/10805"}],"wp:attachment":[{"href":"https:\/\/nautibrothers.pt\/en\/wp-json\/wp\/v2\/media?parent=13747"}],"wp:term":[{"taxonomy":"product_cat","embeddable":true,"href":"https:\/\/nautibrothers.pt\/en\/wp-json\/wp\/v2\/product_cat?post=13747"},{"taxonomy":"product_tag","embeddable":true,"href":"https:\/\/nautibrothers.pt\/en\/wp-json\/wp\/v2\/product_tag?post=13747"}],"curies":[{"name":"wp","href":"https:\/\/api.w.org\/{rel}","templated":true}]}}