{"id":13805,"date":"2024-10-11T14:50:22","date_gmt":"2024-10-11T14:50:22","guid":{"rendered":"https:\/\/nautibrothers.pt\/?post_type=product&#038;p=13805"},"modified":"2024-10-11T14:52:08","modified_gmt":"2024-10-11T14:52:08","slug":"manilhas-de-ferradura-zincadas-com-perno-de-olhal-tipo-comerciais","status":"publish","type":"product","link":"https:\/\/nautibrothers.pt\/en\/produto\/manilhas-de-ferradura-zincadas-com-perno-de-olhal-tipo-comerciais\/","title":{"rendered":"Manilhas de ferradura zincadas com perno de olhal tipo comerciais"},"content":{"rendered":"<p>Manilhas de ferradura zincadas com perno de olhal tipo comerciais<\/p>\n","protected":false},"excerpt":{"rendered":"<p>Fabricada em a\u00e7o galvanido, utilizada em navios e tamb\u00e9m no fabrico dos pr\u00f3prios<\/p>\n","protected":false},"featured_media":10885,"template":"","meta":{"inline_featured_image":false},"product_cat":[1506],"product_tag":[],"class_list":{"0":"post-13805","1":"product","2":"type-product","3":"status-publish","4":"has-post-thumbnail","6":"product_cat-manilhas-navios-e-pesca","8":"first","9":"instock","10":"sold-individually","11":"shipping-taxable","12":"purchasable","13":"product-type-variable"},"acf":[],"_links":{"self":[{"href":"https:\/\/nautibrothers.pt\/en\/wp-json\/wp\/v2\/product\/13805","targetHints":{"allow":["GET"]}}],"collection":[{"href":"https:\/\/nautibrothers.pt\/en\/wp-json\/wp\/v2\/product"}],"about":[{"href":"https:\/\/nautibrothers.pt\/en\/wp-json\/wp\/v2\/types\/product"}],"wp:featuredmedia":[{"embeddable":true,"href":"https:\/\/nautibrothers.pt\/en\/wp-json\/wp\/v2\/media\/10885"}],"wp:attachment":[{"href":"https:\/\/nautibrothers.pt\/en\/wp-json\/wp\/v2\/media?parent=13805"}],"wp:term":[{"taxonomy":"product_cat","embeddable":true,"href":"https:\/\/nautibrothers.pt\/en\/wp-json\/wp\/v2\/product_cat?post=13805"},{"taxonomy":"product_tag","embeddable":true,"href":"https:\/\/nautibrothers.pt\/en\/wp-json\/wp\/v2\/product_tag?post=13805"}],"curies":[{"name":"wp","href":"https:\/\/api.w.org\/{rel}","templated":true}]}}