{"id":13824,"date":"2024-10-11T14:51:06","date_gmt":"2024-10-11T14:51:06","guid":{"rendered":"https:\/\/nautibrothers.pt\/?post_type=product&#038;p=13824"},"modified":"2024-10-11T14:52:08","modified_gmt":"2024-10-11T14:52:08","slug":"manilhas-de-peamento-1-1-8","status":"publish","type":"product","link":"https:\/\/nautibrothers.pt\/en\/produto\/manilhas-de-peamento-1-1-8\/","title":{"rendered":"Manilhas de peamento 1 1\/8&#8243;"},"content":{"rendered":"<p>Manilhas de peamento 1 1\/8&#8243;<\/p>\n","protected":false},"excerpt":{"rendered":"<p>Fabricado em a\u00e7o de alta resist\u00eancia, utilizado para v\u00e1rios fins<\/p>\n","protected":false},"featured_media":10889,"template":"","meta":{"inline_featured_image":false},"product_cat":[1506],"product_tag":[],"class_list":{"0":"post-13824","1":"product","2":"type-product","3":"status-publish","4":"has-post-thumbnail","6":"product_cat-manilhas-navios-e-pesca","8":"first","9":"instock","10":"sold-individually","11":"shipping-taxable","12":"purchasable","13":"product-type-variable"},"acf":[],"_links":{"self":[{"href":"https:\/\/nautibrothers.pt\/en\/wp-json\/wp\/v2\/product\/13824","targetHints":{"allow":["GET"]}}],"collection":[{"href":"https:\/\/nautibrothers.pt\/en\/wp-json\/wp\/v2\/product"}],"about":[{"href":"https:\/\/nautibrothers.pt\/en\/wp-json\/wp\/v2\/types\/product"}],"wp:featuredmedia":[{"embeddable":true,"href":"https:\/\/nautibrothers.pt\/en\/wp-json\/wp\/v2\/media\/10889"}],"wp:attachment":[{"href":"https:\/\/nautibrothers.pt\/en\/wp-json\/wp\/v2\/media?parent=13824"}],"wp:term":[{"taxonomy":"product_cat","embeddable":true,"href":"https:\/\/nautibrothers.pt\/en\/wp-json\/wp\/v2\/product_cat?post=13824"},{"taxonomy":"product_tag","embeddable":true,"href":"https:\/\/nautibrothers.pt\/en\/wp-json\/wp\/v2\/product_tag?post=13824"}],"curies":[{"name":"wp","href":"https:\/\/api.w.org\/{rel}","templated":true}]}}