{"id":13845,"date":"2024-10-11T14:51:46","date_gmt":"2024-10-11T14:51:46","guid":{"rendered":"https:\/\/nautibrothers.pt\/?post_type=product&#038;p=13845"},"modified":"2024-10-11T14:52:49","modified_gmt":"2024-10-11T14:52:49","slug":"manilhas-direitas-tonsberg-galvanizadas","status":"publish","type":"product","link":"https:\/\/nautibrothers.pt\/en\/produto\/manilhas-direitas-tonsberg-galvanizadas\/","title":{"rendered":"Manilhas direitas Tonsberg galvanizadas"},"content":{"rendered":"<p>Manilhas direitas Tonsberg galvanizadas<\/p>\n","protected":false},"excerpt":{"rendered":"<p>Fabricado em a\u00e7o galvanizado, utilizado para amarra\u00e7\u00e3o de cabos<\/p>\n","protected":false},"featured_media":10925,"template":"","meta":{"inline_featured_image":false},"product_cat":[1506],"product_tag":[],"class_list":{"0":"post-13845","1":"product","2":"type-product","3":"status-publish","4":"has-post-thumbnail","6":"product_cat-manilhas-navios-e-pesca","8":"first","9":"instock","10":"sold-individually","11":"shipping-taxable","12":"purchasable","13":"product-type-variable"},"acf":[],"_links":{"self":[{"href":"https:\/\/nautibrothers.pt\/en\/wp-json\/wp\/v2\/product\/13845","targetHints":{"allow":["GET"]}}],"collection":[{"href":"https:\/\/nautibrothers.pt\/en\/wp-json\/wp\/v2\/product"}],"about":[{"href":"https:\/\/nautibrothers.pt\/en\/wp-json\/wp\/v2\/types\/product"}],"wp:featuredmedia":[{"embeddable":true,"href":"https:\/\/nautibrothers.pt\/en\/wp-json\/wp\/v2\/media\/10925"}],"wp:attachment":[{"href":"https:\/\/nautibrothers.pt\/en\/wp-json\/wp\/v2\/media?parent=13845"}],"wp:term":[{"taxonomy":"product_cat","embeddable":true,"href":"https:\/\/nautibrothers.pt\/en\/wp-json\/wp\/v2\/product_cat?post=13845"},{"taxonomy":"product_tag","embeddable":true,"href":"https:\/\/nautibrothers.pt\/en\/wp-json\/wp\/v2\/product_tag?post=13845"}],"curies":[{"name":"wp","href":"https:\/\/api.w.org\/{rel}","templated":true}]}}