{"id":13848,"date":"2024-10-11T14:51:47","date_gmt":"2024-10-11T14:51:47","guid":{"rendered":"https:\/\/nautibrothers.pt\/?post_type=product&#038;p=13848"},"modified":"2024-10-29T14:50:04","modified_gmt":"2024-10-29T14:50:04","slug":"moitao-de-latao-com-olhal-tornel","status":"publish","type":"product","link":"https:\/\/nautibrothers.pt\/en\/produto\/moitao-de-latao-com-olhal-tornel\/","title":{"rendered":"Moit\u00e3o de lat\u00e3o com olhal tornel"},"content":{"rendered":"<p>Moit\u00e3o de lat\u00e3o com olhal tornel<\/p>\n","protected":false},"excerpt":{"rendered":"<p>Fabricado em lat\u00e3o, utilizado para v\u00e1rios fins<\/p>\n","protected":false},"featured_media":15570,"template":"","meta":{"inline_featured_image":false},"product_cat":[1511],"product_tag":[],"class_list":{"0":"post-13848","1":"product","2":"type-product","3":"status-publish","4":"has-post-thumbnail","6":"product_cat-moitoes-navios-e-pesca","8":"first","9":"instock","10":"sold-individually","11":"shipping-taxable","12":"purchasable","13":"product-type-variable"},"acf":[],"_links":{"self":[{"href":"https:\/\/nautibrothers.pt\/en\/wp-json\/wp\/v2\/product\/13848","targetHints":{"allow":["GET"]}}],"collection":[{"href":"https:\/\/nautibrothers.pt\/en\/wp-json\/wp\/v2\/product"}],"about":[{"href":"https:\/\/nautibrothers.pt\/en\/wp-json\/wp\/v2\/types\/product"}],"wp:featuredmedia":[{"embeddable":true,"href":"https:\/\/nautibrothers.pt\/en\/wp-json\/wp\/v2\/media\/15570"}],"wp:attachment":[{"href":"https:\/\/nautibrothers.pt\/en\/wp-json\/wp\/v2\/media?parent=13848"}],"wp:term":[{"taxonomy":"product_cat","embeddable":true,"href":"https:\/\/nautibrothers.pt\/en\/wp-json\/wp\/v2\/product_cat?post=13848"},{"taxonomy":"product_tag","embeddable":true,"href":"https:\/\/nautibrothers.pt\/en\/wp-json\/wp\/v2\/product_tag?post=13848"}],"curies":[{"name":"wp","href":"https:\/\/api.w.org\/{rel}","templated":true}]}}