{"id":13862,"date":"2024-10-11T14:52:22","date_gmt":"2024-10-11T14:52:22","guid":{"rendered":"https:\/\/nautibrothers.pt\/?post_type=product&#038;p=13862"},"modified":"2024-10-29T14:54:00","modified_gmt":"2024-10-29T14:54:00","slug":"moitao-modelo-standard-com-gato","status":"publish","type":"product","link":"https:\/\/nautibrothers.pt\/en\/produto\/moitao-modelo-standard-com-gato\/","title":{"rendered":"Moit\u00e3o modelo standard com gato"},"content":{"rendered":"<p>Moit\u00e3o modelo standard com gato<\/p>\n","protected":false},"excerpt":{"rendered":"<p>Fabricado em a\u00e7o, utilizado para eleva\u00e7\u00e3o\/tra\u00e7\u00e3o de carga<\/p>\n","protected":false},"featured_media":15574,"template":"","meta":{"inline_featured_image":false},"product_cat":[1511],"product_tag":[],"class_list":{"0":"post-13862","1":"product","2":"type-product","3":"status-publish","4":"has-post-thumbnail","6":"product_cat-moitoes-navios-e-pesca","8":"first","9":"instock","10":"sold-individually","11":"shipping-taxable","12":"purchasable","13":"product-type-variable"},"acf":[],"_links":{"self":[{"href":"https:\/\/nautibrothers.pt\/en\/wp-json\/wp\/v2\/product\/13862","targetHints":{"allow":["GET"]}}],"collection":[{"href":"https:\/\/nautibrothers.pt\/en\/wp-json\/wp\/v2\/product"}],"about":[{"href":"https:\/\/nautibrothers.pt\/en\/wp-json\/wp\/v2\/types\/product"}],"wp:featuredmedia":[{"embeddable":true,"href":"https:\/\/nautibrothers.pt\/en\/wp-json\/wp\/v2\/media\/15574"}],"wp:attachment":[{"href":"https:\/\/nautibrothers.pt\/en\/wp-json\/wp\/v2\/media?parent=13862"}],"wp:term":[{"taxonomy":"product_cat","embeddable":true,"href":"https:\/\/nautibrothers.pt\/en\/wp-json\/wp\/v2\/product_cat?post=13862"},{"taxonomy":"product_tag","embeddable":true,"href":"https:\/\/nautibrothers.pt\/en\/wp-json\/wp\/v2\/product_tag?post=13862"}],"curies":[{"name":"wp","href":"https:\/\/api.w.org\/{rel}","templated":true}]}}