{"id":13904,"date":"2024-10-11T14:53:59","date_gmt":"2024-10-11T14:53:59","guid":{"rendered":"https:\/\/nautibrothers.pt\/?post_type=product&#038;p=13904"},"modified":"2024-10-11T14:55:09","modified_gmt":"2024-10-11T14:55:09","slug":"refletores-de-radar","status":"publish","type":"product","link":"https:\/\/nautibrothers.pt\/en\/produto\/refletores-de-radar\/","title":{"rendered":"Refletores de radar"},"content":{"rendered":"<p>Refletores de radar<\/p>\n","protected":false},"excerpt":{"rendered":"<p>Fabricados em chapa de alum\u00ednio, utilizados para sinaliza\u00e7\u00e3o dos navios<\/p>\n","protected":false},"featured_media":11007,"template":"","meta":{"inline_featured_image":false},"product_cat":[1537],"product_tag":[],"class_list":{"0":"post-13904","1":"product","2":"type-product","3":"status-publish","4":"has-post-thumbnail","6":"product_cat-refletores-de-radar","8":"first","9":"instock","10":"sold-individually","11":"shipping-taxable","12":"purchasable","13":"product-type-variable"},"acf":[],"_links":{"self":[{"href":"https:\/\/nautibrothers.pt\/en\/wp-json\/wp\/v2\/product\/13904","targetHints":{"allow":["GET"]}}],"collection":[{"href":"https:\/\/nautibrothers.pt\/en\/wp-json\/wp\/v2\/product"}],"about":[{"href":"https:\/\/nautibrothers.pt\/en\/wp-json\/wp\/v2\/types\/product"}],"wp:featuredmedia":[{"embeddable":true,"href":"https:\/\/nautibrothers.pt\/en\/wp-json\/wp\/v2\/media\/11007"}],"wp:attachment":[{"href":"https:\/\/nautibrothers.pt\/en\/wp-json\/wp\/v2\/media?parent=13904"}],"wp:term":[{"taxonomy":"product_cat","embeddable":true,"href":"https:\/\/nautibrothers.pt\/en\/wp-json\/wp\/v2\/product_cat?post=13904"},{"taxonomy":"product_tag","embeddable":true,"href":"https:\/\/nautibrothers.pt\/en\/wp-json\/wp\/v2\/product_tag?post=13904"}],"curies":[{"name":"wp","href":"https:\/\/api.w.org\/{rel}","templated":true}]}}