{"id":13920,"date":"2024-10-11T14:54:45","date_gmt":"2024-10-11T14:54:45","guid":{"rendered":"https:\/\/nautibrothers.pt\/?post_type=product&#038;p=13920"},"modified":"2024-10-29T15:21:16","modified_gmt":"2024-10-29T15:21:16","slug":"sapatas","status":"publish","type":"product","link":"https:\/\/nautibrothers.pt\/en\/produto\/sapatas\/","title":{"rendered":"Sapatas"},"content":{"rendered":"<p>Sapatas<\/p>\n","protected":false},"excerpt":{"rendered":"<p>Fabricadas em a\u00e7o, utilizadas nas al\u00e7as do cabo de a\u00e7o<\/p>\n","protected":false},"featured_media":15602,"template":"","meta":{"inline_featured_image":false},"product_cat":[1540],"product_tag":[],"class_list":{"0":"post-13920","1":"product","2":"type-product","3":"status-publish","4":"has-post-thumbnail","6":"product_cat-sapatas","8":"first","9":"instock","10":"sold-individually","11":"shipping-taxable","12":"purchasable","13":"product-type-variable"},"acf":[],"_links":{"self":[{"href":"https:\/\/nautibrothers.pt\/en\/wp-json\/wp\/v2\/product\/13920","targetHints":{"allow":["GET"]}}],"collection":[{"href":"https:\/\/nautibrothers.pt\/en\/wp-json\/wp\/v2\/product"}],"about":[{"href":"https:\/\/nautibrothers.pt\/en\/wp-json\/wp\/v2\/types\/product"}],"wp:featuredmedia":[{"embeddable":true,"href":"https:\/\/nautibrothers.pt\/en\/wp-json\/wp\/v2\/media\/15602"}],"wp:attachment":[{"href":"https:\/\/nautibrothers.pt\/en\/wp-json\/wp\/v2\/media?parent=13920"}],"wp:term":[{"taxonomy":"product_cat","embeddable":true,"href":"https:\/\/nautibrothers.pt\/en\/wp-json\/wp\/v2\/product_cat?post=13920"},{"taxonomy":"product_tag","embeddable":true,"href":"https:\/\/nautibrothers.pt\/en\/wp-json\/wp\/v2\/product_tag?post=13920"}],"curies":[{"name":"wp","href":"https:\/\/api.w.org\/{rel}","templated":true}]}}