{"id":13967,"date":"2024-10-11T14:56:02","date_gmt":"2024-10-11T14:56:02","guid":{"rendered":"https:\/\/nautibrothers.pt\/?post_type=product&#038;p=13967"},"modified":"2024-10-11T14:57:07","modified_gmt":"2024-10-11T14:57:07","slug":"tirfor","status":"publish","type":"product","link":"https:\/\/nautibrothers.pt\/en\/produto\/tirfor\/","title":{"rendered":"Tirfor"},"content":{"rendered":"<p>Tirfor<\/p>\n","protected":false},"excerpt":{"rendered":"<p>Aparelho com cabo de a\u00e7o, utilizados para eleva\u00e7\u00e3o\/tra\u00e7\u00e3o de carga<\/p>\n","protected":false},"featured_media":11079,"template":"","meta":{"inline_featured_image":false},"product_cat":[1547],"product_tag":[],"class_list":{"0":"post-13967","1":"product","2":"type-product","3":"status-publish","4":"has-post-thumbnail","6":"product_cat-tirfor","8":"first","9":"instock","10":"sold-individually","11":"shipping-taxable","12":"purchasable","13":"product-type-variable"},"acf":[],"_links":{"self":[{"href":"https:\/\/nautibrothers.pt\/en\/wp-json\/wp\/v2\/product\/13967","targetHints":{"allow":["GET"]}}],"collection":[{"href":"https:\/\/nautibrothers.pt\/en\/wp-json\/wp\/v2\/product"}],"about":[{"href":"https:\/\/nautibrothers.pt\/en\/wp-json\/wp\/v2\/types\/product"}],"wp:featuredmedia":[{"embeddable":true,"href":"https:\/\/nautibrothers.pt\/en\/wp-json\/wp\/v2\/media\/11079"}],"wp:attachment":[{"href":"https:\/\/nautibrothers.pt\/en\/wp-json\/wp\/v2\/media?parent=13967"}],"wp:term":[{"taxonomy":"product_cat","embeddable":true,"href":"https:\/\/nautibrothers.pt\/en\/wp-json\/wp\/v2\/product_cat?post=13967"},{"taxonomy":"product_tag","embeddable":true,"href":"https:\/\/nautibrothers.pt\/en\/wp-json\/wp\/v2\/product_tag?post=13967"}],"curies":[{"name":"wp","href":"https:\/\/api.w.org\/{rel}","templated":true}]}}