{"id":13973,"date":"2024-10-11T14:56:32","date_gmt":"2024-10-11T14:56:32","guid":{"rendered":"https:\/\/nautibrothers.pt\/?post_type=product&#038;p=13973"},"modified":"2024-10-11T14:57:07","modified_gmt":"2024-10-11T14:57:07","slug":"torneis-de-aco-galvanizados-olhais-iguais","status":"publish","type":"product","link":"https:\/\/nautibrothers.pt\/en\/produto\/torneis-de-aco-galvanizados-olhais-iguais\/","title":{"rendered":"Torn\u00e9is de a\u00e7o galvanizados olhais iguais"},"content":{"rendered":"<p>Torn\u00e9is de a\u00e7o galvanizados olhais iguais<\/p>\n","protected":false},"excerpt":{"rendered":"<p>Fabricado em a\u00e7o, utilizado em diversos fins<\/p>\n","protected":false},"featured_media":11081,"template":"","meta":{"inline_featured_image":false},"product_cat":[1561],"product_tag":[],"class_list":{"0":"post-13973","1":"product","2":"type-product","3":"status-publish","4":"has-post-thumbnail","6":"product_cat-torneis-navios-e-pesca","8":"first","9":"instock","10":"sold-individually","11":"shipping-taxable","12":"purchasable","13":"product-type-variable"},"acf":[],"_links":{"self":[{"href":"https:\/\/nautibrothers.pt\/en\/wp-json\/wp\/v2\/product\/13973","targetHints":{"allow":["GET"]}}],"collection":[{"href":"https:\/\/nautibrothers.pt\/en\/wp-json\/wp\/v2\/product"}],"about":[{"href":"https:\/\/nautibrothers.pt\/en\/wp-json\/wp\/v2\/types\/product"}],"wp:featuredmedia":[{"embeddable":true,"href":"https:\/\/nautibrothers.pt\/en\/wp-json\/wp\/v2\/media\/11081"}],"wp:attachment":[{"href":"https:\/\/nautibrothers.pt\/en\/wp-json\/wp\/v2\/media?parent=13973"}],"wp:term":[{"taxonomy":"product_cat","embeddable":true,"href":"https:\/\/nautibrothers.pt\/en\/wp-json\/wp\/v2\/product_cat?post=13973"},{"taxonomy":"product_tag","embeddable":true,"href":"https:\/\/nautibrothers.pt\/en\/wp-json\/wp\/v2\/product_tag?post=13973"}],"curies":[{"name":"wp","href":"https:\/\/api.w.org\/{rel}","templated":true}]}}