{"id":13990,"date":"2024-10-11T14:56:44","date_gmt":"2024-10-11T14:56:44","guid":{"rendered":"https:\/\/nautibrothers.pt\/?post_type=product&#038;p=13990"},"modified":"2024-10-29T15:34:14","modified_gmt":"2024-10-29T15:34:14","slug":"torneis-de-ancora","status":"publish","type":"product","link":"https:\/\/nautibrothers.pt\/en\/produto\/torneis-de-ancora\/","title":{"rendered":"Torn\u00e9is de \u00e2ncora"},"content":{"rendered":"<p>Torn\u00e9is de \u00e2ncora<\/p>\n","protected":false},"excerpt":{"rendered":"<p>Fabricado em a\u00e7o inox AISI316, utilizado na liga\u00e7\u00e3o da corrente \u00e0 \u00e2ncora<\/p>\n","protected":false},"featured_media":15612,"template":"","meta":{"inline_featured_image":false},"product_cat":[1561],"product_tag":[],"class_list":{"0":"post-13990","1":"product","2":"type-product","3":"status-publish","4":"has-post-thumbnail","6":"product_cat-torneis-navios-e-pesca","8":"first","9":"instock","10":"sold-individually","11":"shipping-taxable","12":"purchasable","13":"product-type-variable"},"acf":[],"_links":{"self":[{"href":"https:\/\/nautibrothers.pt\/en\/wp-json\/wp\/v2\/product\/13990","targetHints":{"allow":["GET"]}}],"collection":[{"href":"https:\/\/nautibrothers.pt\/en\/wp-json\/wp\/v2\/product"}],"about":[{"href":"https:\/\/nautibrothers.pt\/en\/wp-json\/wp\/v2\/types\/product"}],"wp:featuredmedia":[{"embeddable":true,"href":"https:\/\/nautibrothers.pt\/en\/wp-json\/wp\/v2\/media\/15612"}],"wp:attachment":[{"href":"https:\/\/nautibrothers.pt\/en\/wp-json\/wp\/v2\/media?parent=13990"}],"wp:term":[{"taxonomy":"product_cat","embeddable":true,"href":"https:\/\/nautibrothers.pt\/en\/wp-json\/wp\/v2\/product_cat?post=13990"},{"taxonomy":"product_tag","embeddable":true,"href":"https:\/\/nautibrothers.pt\/en\/wp-json\/wp\/v2\/product_tag?post=13990"}],"curies":[{"name":"wp","href":"https:\/\/api.w.org\/{rel}","templated":true}]}}