{"id":14054,"date":"2024-10-11T14:58:36","date_gmt":"2024-10-11T14:58:36","guid":{"rendered":"https:\/\/nautibrothers.pt\/?post_type=product&#038;p=14054"},"modified":"2024-10-11T14:59:07","modified_gmt":"2024-10-11T14:59:07","slug":"cintos-de-seguranca-guarda-fios-com-encosto","status":"publish","type":"product","link":"https:\/\/nautibrothers.pt\/en\/produto\/cintos-de-seguranca-guarda-fios-com-encosto\/","title":{"rendered":"Cintos de seguran\u00e7a guarda fios com encosto"},"content":{"rendered":"<p>Cintos de seguran\u00e7a guarda fios com encosto<\/p>\n","protected":false},"excerpt":{"rendered":"<p>Cinto para trabalhar em situa\u00e7\u00f5es onde existe risco de queda em altura e com prote\u00e7\u00e3o lombar<\/p>\n","protected":false},"featured_media":11201,"template":"","meta":{"inline_featured_image":false},"product_cat":[1581],"product_tag":[],"class_list":{"0":"post-14054","1":"product","2":"type-product","3":"status-publish","4":"has-post-thumbnail","6":"product_cat-cintos-de-seguranca","8":"first","9":"instock","10":"sold-individually","11":"shipping-taxable","12":"purchasable","13":"product-type-variable"},"acf":[],"_links":{"self":[{"href":"https:\/\/nautibrothers.pt\/en\/wp-json\/wp\/v2\/product\/14054","targetHints":{"allow":["GET"]}}],"collection":[{"href":"https:\/\/nautibrothers.pt\/en\/wp-json\/wp\/v2\/product"}],"about":[{"href":"https:\/\/nautibrothers.pt\/en\/wp-json\/wp\/v2\/types\/product"}],"wp:featuredmedia":[{"embeddable":true,"href":"https:\/\/nautibrothers.pt\/en\/wp-json\/wp\/v2\/media\/11201"}],"wp:attachment":[{"href":"https:\/\/nautibrothers.pt\/en\/wp-json\/wp\/v2\/media?parent=14054"}],"wp:term":[{"taxonomy":"product_cat","embeddable":true,"href":"https:\/\/nautibrothers.pt\/en\/wp-json\/wp\/v2\/product_cat?post=14054"},{"taxonomy":"product_tag","embeddable":true,"href":"https:\/\/nautibrothers.pt\/en\/wp-json\/wp\/v2\/product_tag?post=14054"}],"curies":[{"name":"wp","href":"https:\/\/api.w.org\/{rel}","templated":true}]}}