{"id":14068,"date":"2024-10-11T14:58:43","date_gmt":"2024-10-11T14:58:43","guid":{"rendered":"https:\/\/nautibrothers.pt\/?post_type=product&#038;p=14068"},"modified":"2024-10-11T14:59:44","modified_gmt":"2024-10-11T14:59:44","slug":"elos-de-ligacao-para-corrente-alloy","status":"publish","type":"product","link":"https:\/\/nautibrothers.pt\/en\/produto\/elos-de-ligacao-para-corrente-alloy\/","title":{"rendered":"Elos de liga\u00e7\u00e3o para corrente alloy"},"content":{"rendered":"<p>Elos de liga\u00e7\u00e3o para corrente alloy<\/p>\n","protected":false},"excerpt":{"rendered":"<p>Fabricado em a\u00e7o resist\u00eancia Grau 80, utilizado para eleva\u00e7\u00e3o de cargas \u00e9 colocado entre o argol\u00e3o e a corrente<\/p>\n","protected":false},"featured_media":11239,"template":"","meta":{"inline_featured_image":false},"product_cat":[1583],"product_tag":[],"class_list":{"0":"post-14068","1":"product","2":"type-product","3":"status-publish","4":"has-post-thumbnail","6":"product_cat-elos","8":"first","9":"instock","10":"sold-individually","11":"shipping-taxable","12":"purchasable","13":"product-type-variable"},"acf":[],"_links":{"self":[{"href":"https:\/\/nautibrothers.pt\/en\/wp-json\/wp\/v2\/product\/14068","targetHints":{"allow":["GET"]}}],"collection":[{"href":"https:\/\/nautibrothers.pt\/en\/wp-json\/wp\/v2\/product"}],"about":[{"href":"https:\/\/nautibrothers.pt\/en\/wp-json\/wp\/v2\/types\/product"}],"wp:featuredmedia":[{"embeddable":true,"href":"https:\/\/nautibrothers.pt\/en\/wp-json\/wp\/v2\/media\/11239"}],"wp:attachment":[{"href":"https:\/\/nautibrothers.pt\/en\/wp-json\/wp\/v2\/media?parent=14068"}],"wp:term":[{"taxonomy":"product_cat","embeddable":true,"href":"https:\/\/nautibrothers.pt\/en\/wp-json\/wp\/v2\/product_cat?post=14068"},{"taxonomy":"product_tag","embeddable":true,"href":"https:\/\/nautibrothers.pt\/en\/wp-json\/wp\/v2\/product_tag?post=14068"}],"curies":[{"name":"wp","href":"https:\/\/api.w.org\/{rel}","templated":true}]}}