{"id":14079,"date":"2024-10-11T14:59:14","date_gmt":"2024-10-11T14:59:14","guid":{"rendered":"https:\/\/nautibrothers.pt\/?post_type=product&#038;p=14079"},"modified":"2024-10-11T14:59:44","modified_gmt":"2024-10-11T14:59:44","slug":"elos-de-ligacao-para-precinta","status":"publish","type":"product","link":"https:\/\/nautibrothers.pt\/en\/produto\/elos-de-ligacao-para-precinta\/","title":{"rendered":"Elos de liga\u00e7\u00e3o para precinta"},"content":{"rendered":"<p>Elos de liga\u00e7\u00e3o para precinta<\/p>\n","protected":false},"excerpt":{"rendered":"<p>Fabricado em a\u00e7o resist\u00eancia Grau 80, utilizado para eleva\u00e7\u00e3o de cargas \u00e9 colocado entre o argol\u00e3o e a cinta<\/p>\n","protected":false},"featured_media":11243,"template":"","meta":{"inline_featured_image":false},"product_cat":[1583],"product_tag":[],"class_list":{"0":"post-14079","1":"product","2":"type-product","3":"status-publish","4":"has-post-thumbnail","6":"product_cat-elos","8":"first","9":"instock","10":"sold-individually","11":"shipping-taxable","12":"purchasable","13":"product-type-variable"},"acf":[],"_links":{"self":[{"href":"https:\/\/nautibrothers.pt\/en\/wp-json\/wp\/v2\/product\/14079","targetHints":{"allow":["GET"]}}],"collection":[{"href":"https:\/\/nautibrothers.pt\/en\/wp-json\/wp\/v2\/product"}],"about":[{"href":"https:\/\/nautibrothers.pt\/en\/wp-json\/wp\/v2\/types\/product"}],"wp:featuredmedia":[{"embeddable":true,"href":"https:\/\/nautibrothers.pt\/en\/wp-json\/wp\/v2\/media\/11243"}],"wp:attachment":[{"href":"https:\/\/nautibrothers.pt\/en\/wp-json\/wp\/v2\/media?parent=14079"}],"wp:term":[{"taxonomy":"product_cat","embeddable":true,"href":"https:\/\/nautibrothers.pt\/en\/wp-json\/wp\/v2\/product_cat?post=14079"},{"taxonomy":"product_tag","embeddable":true,"href":"https:\/\/nautibrothers.pt\/en\/wp-json\/wp\/v2\/product_tag?post=14079"}],"curies":[{"name":"wp","href":"https:\/\/api.w.org\/{rel}","templated":true}]}}