{"id":14096,"date":"2024-10-11T14:59:23","date_gmt":"2024-10-11T14:59:23","guid":{"rendered":"https:\/\/nautibrothers.pt\/?post_type=product&#038;p=14096"},"modified":"2024-10-29T11:17:30","modified_gmt":"2024-10-29T11:17:30","slug":"esticador-bravo","status":"publish","type":"product","link":"https:\/\/nautibrothers.pt\/en\/produto\/esticador-bravo\/","title":{"rendered":"Esticador Bravo"},"content":{"rendered":"<p>Esticador Bravo<\/p>\n","protected":false},"excerpt":{"rendered":"<p>Guincho port\u00e1til, utilizado para opera\u00e7\u00f5es de tensionamento, eleva\u00e7\u00e3o e tra\u00e7\u00e3o<\/p>\n","protected":false},"featured_media":15494,"template":"","meta":{"inline_featured_image":false},"product_cat":[1589],"product_tag":[],"class_list":{"0":"post-14096","1":"product","2":"type-product","3":"status-publish","4":"has-post-thumbnail","6":"product_cat-esticador","8":"first","9":"instock","10":"sold-individually","11":"shipping-taxable","12":"purchasable","13":"product-type-variable"},"acf":[],"_links":{"self":[{"href":"https:\/\/nautibrothers.pt\/en\/wp-json\/wp\/v2\/product\/14096","targetHints":{"allow":["GET"]}}],"collection":[{"href":"https:\/\/nautibrothers.pt\/en\/wp-json\/wp\/v2\/product"}],"about":[{"href":"https:\/\/nautibrothers.pt\/en\/wp-json\/wp\/v2\/types\/product"}],"wp:featuredmedia":[{"embeddable":true,"href":"https:\/\/nautibrothers.pt\/en\/wp-json\/wp\/v2\/media\/15494"}],"wp:attachment":[{"href":"https:\/\/nautibrothers.pt\/en\/wp-json\/wp\/v2\/media?parent=14096"}],"wp:term":[{"taxonomy":"product_cat","embeddable":true,"href":"https:\/\/nautibrothers.pt\/en\/wp-json\/wp\/v2\/product_cat?post=14096"},{"taxonomy":"product_tag","embeddable":true,"href":"https:\/\/nautibrothers.pt\/en\/wp-json\/wp\/v2\/product_tag?post=14096"}],"curies":[{"name":"wp","href":"https:\/\/api.w.org\/{rel}","templated":true}]}}