{"id":14196,"date":"2024-10-11T15:02:10","date_gmt":"2024-10-11T15:02:10","guid":{"rendered":"https:\/\/nautibrothers.pt\/?post_type=product&#038;p=14196"},"modified":"2024-11-05T16:18:27","modified_gmt":"2024-11-05T16:18:27","slug":"ganchos-de-fonderie","status":"publish","type":"product","link":"https:\/\/nautibrothers.pt\/en\/produto\/ganchos-de-fonderie\/","title":{"rendered":"Ganchos de Fonderie"},"content":{"rendered":"<p>Ganchos de Fonderie<\/p>\n","protected":false},"excerpt":{"rendered":"<p>Fabricado em a\u00e7o de alta resist\u00eancia Grau 80,\u00e9 feito em liga de a\u00e7o, utilizado para i\u00e7ar as cargas<\/p>\n","protected":false},"featured_media":11411,"template":"","meta":{"inline_featured_image":false},"product_cat":[1592],"product_tag":[],"class_list":{"0":"post-14196","1":"product","2":"type-product","3":"status-publish","4":"has-post-thumbnail","6":"product_cat-ganchos-elevacao-e-gruas","8":"first","9":"instock","10":"sold-individually","11":"shipping-taxable","12":"purchasable","13":"product-type-variable"},"acf":[],"_links":{"self":[{"href":"https:\/\/nautibrothers.pt\/en\/wp-json\/wp\/v2\/product\/14196","targetHints":{"allow":["GET"]}}],"collection":[{"href":"https:\/\/nautibrothers.pt\/en\/wp-json\/wp\/v2\/product"}],"about":[{"href":"https:\/\/nautibrothers.pt\/en\/wp-json\/wp\/v2\/types\/product"}],"wp:featuredmedia":[{"embeddable":true,"href":"https:\/\/nautibrothers.pt\/en\/wp-json\/wp\/v2\/media\/11411"}],"wp:attachment":[{"href":"https:\/\/nautibrothers.pt\/en\/wp-json\/wp\/v2\/media?parent=14196"}],"wp:term":[{"taxonomy":"product_cat","embeddable":true,"href":"https:\/\/nautibrothers.pt\/en\/wp-json\/wp\/v2\/product_cat?post=14196"},{"taxonomy":"product_tag","embeddable":true,"href":"https:\/\/nautibrothers.pt\/en\/wp-json\/wp\/v2\/product_tag?post=14196"}],"curies":[{"name":"wp","href":"https:\/\/api.w.org\/{rel}","templated":true}]}}