{"id":14206,"date":"2024-10-11T15:02:49","date_gmt":"2024-10-11T15:02:49","guid":{"rendered":"https:\/\/nautibrothers.pt\/?post_type=product&#038;p=14206"},"modified":"2024-10-11T15:03:18","modified_gmt":"2024-10-11T15:03:18","slug":"garra-de-forqueta-de-encurtamento","status":"publish","type":"product","link":"https:\/\/nautibrothers.pt\/en\/produto\/garra-de-forqueta-de-encurtamento\/","title":{"rendered":"Garra de forqueta de encurtamento"},"content":{"rendered":"<p>Garra de forqueta de encurtamento<\/p>\n","protected":false},"excerpt":{"rendered":"<p>Fabricado em a\u00e7o de alta resist\u00eancia Grau 80, utilizado para encurtar as correntes de eleva\u00e7\u00e3o de diferentes tamanhos e dimens\u00f5es<\/p>\n","protected":false},"featured_media":11415,"template":"","meta":{"inline_featured_image":false},"product_cat":[1600],"product_tag":[],"class_list":{"0":"post-14206","1":"product","2":"type-product","3":"status-publish","4":"has-post-thumbnail","6":"product_cat-garras","8":"first","9":"instock","10":"sold-individually","11":"shipping-taxable","12":"purchasable","13":"product-type-variable"},"acf":[],"_links":{"self":[{"href":"https:\/\/nautibrothers.pt\/en\/wp-json\/wp\/v2\/product\/14206","targetHints":{"allow":["GET"]}}],"collection":[{"href":"https:\/\/nautibrothers.pt\/en\/wp-json\/wp\/v2\/product"}],"about":[{"href":"https:\/\/nautibrothers.pt\/en\/wp-json\/wp\/v2\/types\/product"}],"wp:featuredmedia":[{"embeddable":true,"href":"https:\/\/nautibrothers.pt\/en\/wp-json\/wp\/v2\/media\/11415"}],"wp:attachment":[{"href":"https:\/\/nautibrothers.pt\/en\/wp-json\/wp\/v2\/media?parent=14206"}],"wp:term":[{"taxonomy":"product_cat","embeddable":true,"href":"https:\/\/nautibrothers.pt\/en\/wp-json\/wp\/v2\/product_cat?post=14206"},{"taxonomy":"product_tag","embeddable":true,"href":"https:\/\/nautibrothers.pt\/en\/wp-json\/wp\/v2\/product_tag?post=14206"}],"curies":[{"name":"wp","href":"https:\/\/api.w.org\/{rel}","templated":true}]}}