{"id":14224,"date":"2024-10-11T15:03:28","date_gmt":"2024-10-11T15:03:28","guid":{"rendered":"https:\/\/nautibrothers.pt\/?post_type=product&#038;p=14224"},"modified":"2024-10-11T15:04:00","modified_gmt":"2024-10-11T15:04:00","slug":"guinchos-de-traccao-com-manivela-e-travao-manual","status":"publish","type":"product","link":"https:\/\/nautibrothers.pt\/en\/produto\/guinchos-de-traccao-com-manivela-e-travao-manual\/","title":{"rendered":"Guinchos de trac\u00e7\u00e3o com manivela e trav\u00e3o manual"},"content":{"rendered":"<p>Guinchos de trac\u00e7\u00e3o com manivela e trav\u00e3o manual<\/p>\n","protected":false},"excerpt":{"rendered":"<p>Fabricado em a\u00e7o, utilizado para tra\u00e7\u00e3o de carga<\/p>\n","protected":false},"featured_media":11453,"template":"","meta":{"inline_featured_image":false},"product_cat":[1601],"product_tag":[],"class_list":{"0":"post-14224","1":"product","2":"type-product","3":"status-publish","4":"has-post-thumbnail","6":"product_cat-guinchos","8":"first","9":"instock","10":"sold-individually","11":"shipping-taxable","12":"purchasable","13":"product-type-variable"},"acf":[],"_links":{"self":[{"href":"https:\/\/nautibrothers.pt\/en\/wp-json\/wp\/v2\/product\/14224","targetHints":{"allow":["GET"]}}],"collection":[{"href":"https:\/\/nautibrothers.pt\/en\/wp-json\/wp\/v2\/product"}],"about":[{"href":"https:\/\/nautibrothers.pt\/en\/wp-json\/wp\/v2\/types\/product"}],"wp:featuredmedia":[{"embeddable":true,"href":"https:\/\/nautibrothers.pt\/en\/wp-json\/wp\/v2\/media\/11453"}],"wp:attachment":[{"href":"https:\/\/nautibrothers.pt\/en\/wp-json\/wp\/v2\/media?parent=14224"}],"wp:term":[{"taxonomy":"product_cat","embeddable":true,"href":"https:\/\/nautibrothers.pt\/en\/wp-json\/wp\/v2\/product_cat?post=14224"},{"taxonomy":"product_tag","embeddable":true,"href":"https:\/\/nautibrothers.pt\/en\/wp-json\/wp\/v2\/product_tag?post=14224"}],"curies":[{"name":"wp","href":"https:\/\/api.w.org\/{rel}","templated":true}]}}