{"id":14231,"date":"2024-10-11T15:03:31","date_gmt":"2024-10-11T15:03:31","guid":{"rendered":"https:\/\/nautibrothers.pt\/?post_type=product&#038;p=14231"},"modified":"2024-10-11T15:04:40","modified_gmt":"2024-10-11T15:04:40","slug":"mangas-conicas","status":"publish","type":"product","link":"https:\/\/nautibrothers.pt\/en\/produto\/mangas-conicas\/","title":{"rendered":"Mangas c\u00f3nicas"},"content":{"rendered":"<p>Mangas c\u00f3nicas<\/p>\n","protected":false},"excerpt":{"rendered":"<p>Fabricado em aluminio, pe\u00e7a com termina\u00e7\u00e3o c\u00f3nica, utilizada na prensagem dos cabo de a\u00e7o<\/p>\n","protected":false},"featured_media":11455,"template":"","meta":{"inline_featured_image":false},"product_cat":[1607],"product_tag":[],"class_list":{"0":"post-14231","1":"product","2":"type-product","3":"status-publish","4":"has-post-thumbnail","6":"product_cat-mangas","8":"first","9":"instock","10":"sold-individually","11":"shipping-taxable","12":"purchasable","13":"product-type-variable"},"acf":[],"_links":{"self":[{"href":"https:\/\/nautibrothers.pt\/en\/wp-json\/wp\/v2\/product\/14231","targetHints":{"allow":["GET"]}}],"collection":[{"href":"https:\/\/nautibrothers.pt\/en\/wp-json\/wp\/v2\/product"}],"about":[{"href":"https:\/\/nautibrothers.pt\/en\/wp-json\/wp\/v2\/types\/product"}],"wp:featuredmedia":[{"embeddable":true,"href":"https:\/\/nautibrothers.pt\/en\/wp-json\/wp\/v2\/media\/11455"}],"wp:attachment":[{"href":"https:\/\/nautibrothers.pt\/en\/wp-json\/wp\/v2\/media?parent=14231"}],"wp:term":[{"taxonomy":"product_cat","embeddable":true,"href":"https:\/\/nautibrothers.pt\/en\/wp-json\/wp\/v2\/product_cat?post=14231"},{"taxonomy":"product_tag","embeddable":true,"href":"https:\/\/nautibrothers.pt\/en\/wp-json\/wp\/v2\/product_tag?post=14231"}],"curies":[{"name":"wp","href":"https:\/\/api.w.org\/{rel}","templated":true}]}}