{"id":14279,"date":"2024-10-11T15:04:54","date_gmt":"2024-10-11T15:04:54","guid":{"rendered":"https:\/\/nautibrothers.pt\/?post_type=product&#038;p=14279"},"modified":"2024-10-11T15:05:58","modified_gmt":"2024-10-11T15:05:58","slug":"manilhas-de-ferradura-de-alta-resistencia-cabeca-sextavada-com-porca-e-troco","status":"publish","type":"product","link":"https:\/\/nautibrothers.pt\/en\/produto\/manilhas-de-ferradura-de-alta-resistencia-cabeca-sextavada-com-porca-e-troco\/","title":{"rendered":"Manilhas de ferradura de alta resist\u00eancia cabe\u00e7a sextavada com porca e tro\u00e7o"},"content":{"rendered":"<p>Manilhas de ferradura de alta resist\u00eancia cabe\u00e7a sextavada com porca e tro\u00e7o<\/p>\n","protected":false},"excerpt":{"rendered":"<p>Fabricado em a\u00e7o de alta resist\u00eancia Grau 80, utilizado para v\u00e1rios fins<\/p>\n","protected":false},"featured_media":11525,"template":"","meta":{"inline_featured_image":false},"product_cat":[1616],"product_tag":[],"class_list":{"0":"post-14279","1":"product","2":"type-product","3":"status-publish","4":"has-post-thumbnail","6":"product_cat-manilhas-elevacao-e-gruas","8":"first","9":"instock","10":"sold-individually","11":"shipping-taxable","12":"purchasable","13":"product-type-variable"},"acf":[],"_links":{"self":[{"href":"https:\/\/nautibrothers.pt\/en\/wp-json\/wp\/v2\/product\/14279","targetHints":{"allow":["GET"]}}],"collection":[{"href":"https:\/\/nautibrothers.pt\/en\/wp-json\/wp\/v2\/product"}],"about":[{"href":"https:\/\/nautibrothers.pt\/en\/wp-json\/wp\/v2\/types\/product"}],"wp:featuredmedia":[{"embeddable":true,"href":"https:\/\/nautibrothers.pt\/en\/wp-json\/wp\/v2\/media\/11525"}],"wp:attachment":[{"href":"https:\/\/nautibrothers.pt\/en\/wp-json\/wp\/v2\/media?parent=14279"}],"wp:term":[{"taxonomy":"product_cat","embeddable":true,"href":"https:\/\/nautibrothers.pt\/en\/wp-json\/wp\/v2\/product_cat?post=14279"},{"taxonomy":"product_tag","embeddable":true,"href":"https:\/\/nautibrothers.pt\/en\/wp-json\/wp\/v2\/product_tag?post=14279"}],"curies":[{"name":"wp","href":"https:\/\/api.w.org\/{rel}","templated":true}]}}