{"id":14394,"date":"2024-10-11T15:08:10","date_gmt":"2024-10-11T15:08:10","guid":{"rendered":"https:\/\/nautibrothers.pt\/?post_type=product&#038;p=14394"},"modified":"2024-10-11T15:08:44","modified_gmt":"2024-10-11T15:08:44","slug":"precintas-com-alcas-3-ton","status":"publish","type":"product","link":"https:\/\/nautibrothers.pt\/en\/produto\/precintas-com-alcas-3-ton\/","title":{"rendered":"Precintas com al\u00e7as 3 Ton"},"content":{"rendered":"<p>Precintas com al\u00e7as 3 Ton<\/p>\n","protected":false},"excerpt":{"rendered":"<p>Fabricado em nylon, com al\u00e7as, utilizado para eleva\u00e7\u00e3o de cargas e outros fins<\/p>\n","protected":false},"featured_media":11639,"template":"","meta":{"inline_featured_image":false},"product_cat":[1631],"product_tag":[],"class_list":{"0":"post-14394","1":"product","2":"type-product","3":"status-publish","4":"has-post-thumbnail","6":"product_cat-precintas","8":"first","9":"instock","10":"sold-individually","11":"shipping-taxable","12":"purchasable","13":"product-type-variable"},"acf":[],"_links":{"self":[{"href":"https:\/\/nautibrothers.pt\/en\/wp-json\/wp\/v2\/product\/14394","targetHints":{"allow":["GET"]}}],"collection":[{"href":"https:\/\/nautibrothers.pt\/en\/wp-json\/wp\/v2\/product"}],"about":[{"href":"https:\/\/nautibrothers.pt\/en\/wp-json\/wp\/v2\/types\/product"}],"wp:featuredmedia":[{"embeddable":true,"href":"https:\/\/nautibrothers.pt\/en\/wp-json\/wp\/v2\/media\/11639"}],"wp:attachment":[{"href":"https:\/\/nautibrothers.pt\/en\/wp-json\/wp\/v2\/media?parent=14394"}],"wp:term":[{"taxonomy":"product_cat","embeddable":true,"href":"https:\/\/nautibrothers.pt\/en\/wp-json\/wp\/v2\/product_cat?post=14394"},{"taxonomy":"product_tag","embeddable":true,"href":"https:\/\/nautibrothers.pt\/en\/wp-json\/wp\/v2\/product_tag?post=14394"}],"curies":[{"name":"wp","href":"https:\/\/api.w.org\/{rel}","templated":true}]}}