{"id":14458,"date":"2024-10-11T15:09:34","date_gmt":"2024-10-11T15:09:34","guid":{"rendered":"https:\/\/nautibrothers.pt\/?post_type=product&#038;p=14458"},"modified":"2024-10-29T15:09:47","modified_gmt":"2024-10-29T15:09:47","slug":"precintas-com-fivelas","status":"publish","type":"product","link":"https:\/\/nautibrothers.pt\/en\/produto\/precintas-com-fivelas\/","title":{"rendered":"Precintas com fivelas"},"content":{"rendered":"<p>Precintas com fivelas<\/p>\n","protected":false},"excerpt":{"rendered":"<p>Fabricado em nylon, com fivelas em a\u00e7o, utilizado para eleva\u00e7\u00e3o de cargas e outros fins, feitas \u00e0 medida<\/p>\n","protected":false},"featured_media":15590,"template":"","meta":{"inline_featured_image":false},"product_cat":[1631],"product_tag":[],"class_list":{"0":"post-14458","1":"product","2":"type-product","3":"status-publish","4":"has-post-thumbnail","6":"product_cat-precintas","8":"first","9":"instock","10":"sold-individually","11":"shipping-taxable","12":"purchasable","13":"product-type-variable"},"acf":[],"_links":{"self":[{"href":"https:\/\/nautibrothers.pt\/en\/wp-json\/wp\/v2\/product\/14458","targetHints":{"allow":["GET"]}}],"collection":[{"href":"https:\/\/nautibrothers.pt\/en\/wp-json\/wp\/v2\/product"}],"about":[{"href":"https:\/\/nautibrothers.pt\/en\/wp-json\/wp\/v2\/types\/product"}],"wp:featuredmedia":[{"embeddable":true,"href":"https:\/\/nautibrothers.pt\/en\/wp-json\/wp\/v2\/media\/15590"}],"wp:attachment":[{"href":"https:\/\/nautibrothers.pt\/en\/wp-json\/wp\/v2\/media?parent=14458"}],"wp:term":[{"taxonomy":"product_cat","embeddable":true,"href":"https:\/\/nautibrothers.pt\/en\/wp-json\/wp\/v2\/product_cat?post=14458"},{"taxonomy":"product_tag","embeddable":true,"href":"https:\/\/nautibrothers.pt\/en\/wp-json\/wp\/v2\/product_tag?post=14458"}],"curies":[{"name":"wp","href":"https:\/\/api.w.org\/{rel}","templated":true}]}}