{"id":14517,"date":"2024-10-11T15:11:06","date_gmt":"2024-10-11T15:11:06","guid":{"rendered":"https:\/\/nautibrothers.pt\/?post_type=product&#038;p=14517"},"modified":"2024-10-28T12:44:05","modified_gmt":"2024-10-28T12:44:05","slug":"cabo-algodao-torcido-a-3-cordoes","status":"publish","type":"product","link":"https:\/\/nautibrothers.pt\/en\/produto\/cabo-algodao-torcido-a-3-cordoes\/","title":{"rendered":"Cabo algod\u00e3o torcido a 3 cord\u00f5es"},"content":{"rendered":"<p>Cabo algod\u00e3o torcido a 3 cord\u00f5es<\/p>\n","protected":false},"excerpt":{"rendered":"<p>Fabricado em algod\u00e3o 100% natural, atualmente utilizado para artes decorativas<\/p>\n","protected":false},"featured_media":15438,"template":"","meta":{"inline_featured_image":false},"product_cat":[1645],"product_tag":[],"class_list":{"0":"post-14517","1":"product","2":"type-product","3":"status-publish","4":"has-post-thumbnail","6":"product_cat-cabo-algodao","8":"first","9":"instock","10":"sold-individually","11":"shipping-taxable","12":"purchasable","13":"product-type-variable"},"acf":[],"_links":{"self":[{"href":"https:\/\/nautibrothers.pt\/en\/wp-json\/wp\/v2\/product\/14517","targetHints":{"allow":["GET"]}}],"collection":[{"href":"https:\/\/nautibrothers.pt\/en\/wp-json\/wp\/v2\/product"}],"about":[{"href":"https:\/\/nautibrothers.pt\/en\/wp-json\/wp\/v2\/types\/product"}],"wp:featuredmedia":[{"embeddable":true,"href":"https:\/\/nautibrothers.pt\/en\/wp-json\/wp\/v2\/media\/15438"}],"wp:attachment":[{"href":"https:\/\/nautibrothers.pt\/en\/wp-json\/wp\/v2\/media?parent=14517"}],"wp:term":[{"taxonomy":"product_cat","embeddable":true,"href":"https:\/\/nautibrothers.pt\/en\/wp-json\/wp\/v2\/product_cat?post=14517"},{"taxonomy":"product_tag","embeddable":true,"href":"https:\/\/nautibrothers.pt\/en\/wp-json\/wp\/v2\/product_tag?post=14517"}],"curies":[{"name":"wp","href":"https:\/\/api.w.org\/{rel}","templated":true}]}}