{"id":14533,"date":"2024-10-11T15:11:39","date_gmt":"2024-10-11T15:11:39","guid":{"rendered":"https:\/\/nautibrothers.pt\/?post_type=product&#038;p=14533"},"modified":"2024-10-31T13:27:03","modified_gmt":"2024-10-31T13:27:03","slug":"cabo-de-aco-6x36-alma-de-aco","status":"publish","type":"product","link":"https:\/\/nautibrothers.pt\/en\/produto\/cabo-de-aco-6x36-alma-de-aco\/","title":{"rendered":"Cabo de a\u00e7o 6&#215;36 alma de a\u00e7o"},"content":{"rendered":"<p>Cabo de a\u00e7o 6&#215;36 alma de a\u00e7o<\/p>\n","protected":false},"excerpt":{"rendered":"<p>Fabricado em a\u00e7o, utilizado em gruas, pontes rolantes, guinchos, para amarra\u00e7\u00e3o e estropos<\/p>\n","protected":false},"featured_media":15440,"template":"","meta":{"inline_featured_image":false},"product_cat":[1746],"product_tag":[],"class_list":{"0":"post-14533","1":"product","2":"type-product","3":"status-publish","4":"has-post-thumbnail","6":"product_cat-cabo-de-aco-fios","8":"first","9":"instock","10":"sold-individually","11":"shipping-taxable","12":"purchasable","13":"product-type-variable"},"acf":[],"_links":{"self":[{"href":"https:\/\/nautibrothers.pt\/en\/wp-json\/wp\/v2\/product\/14533","targetHints":{"allow":["GET"]}}],"collection":[{"href":"https:\/\/nautibrothers.pt\/en\/wp-json\/wp\/v2\/product"}],"about":[{"href":"https:\/\/nautibrothers.pt\/en\/wp-json\/wp\/v2\/types\/product"}],"wp:featuredmedia":[{"embeddable":true,"href":"https:\/\/nautibrothers.pt\/en\/wp-json\/wp\/v2\/media\/15440"}],"wp:attachment":[{"href":"https:\/\/nautibrothers.pt\/en\/wp-json\/wp\/v2\/media?parent=14533"}],"wp:term":[{"taxonomy":"product_cat","embeddable":true,"href":"https:\/\/nautibrothers.pt\/en\/wp-json\/wp\/v2\/product_cat?post=14533"},{"taxonomy":"product_tag","embeddable":true,"href":"https:\/\/nautibrothers.pt\/en\/wp-json\/wp\/v2\/product_tag?post=14533"}],"curies":[{"name":"wp","href":"https:\/\/api.w.org\/{rel}","templated":true}]}}