{"id":14610,"date":"2024-10-11T15:13:49","date_gmt":"2024-10-11T15:13:49","guid":{"rendered":"https:\/\/nautibrothers.pt\/?post_type=product&#038;p=14610"},"modified":"2024-10-31T13:45:18","modified_gmt":"2024-10-31T13:45:18","slug":"cabo-de-aco-galvanizado-revestido-a-pvc-6x19","status":"publish","type":"product","link":"https:\/\/nautibrothers.pt\/en\/produto\/cabo-de-aco-galvanizado-revestido-a-pvc-6x19\/","title":{"rendered":"Cabo de a\u00e7o galvanizado revestido a PVC 6&#215;19"},"content":{"rendered":"<p>Cabo de a\u00e7o galvanizado revestido a PVC 6&#215;19<\/p>\n","protected":false},"excerpt":{"rendered":"<p>Fabricado em a\u00e7o galvanizado com um revestimento em pvc para prote\u00e7\u00e3o e isolamento do cabo, utilizado para diversos fins<\/p>\n","protected":false},"featured_media":15638,"template":"","meta":{"inline_featured_image":false},"product_cat":[1746],"product_tag":[],"class_list":{"0":"post-14610","1":"product","2":"type-product","3":"status-publish","4":"has-post-thumbnail","6":"product_cat-cabo-de-aco-fios","8":"first","9":"instock","10":"sold-individually","11":"shipping-taxable","12":"purchasable","13":"product-type-variable"},"acf":[],"_links":{"self":[{"href":"https:\/\/nautibrothers.pt\/en\/wp-json\/wp\/v2\/product\/14610","targetHints":{"allow":["GET"]}}],"collection":[{"href":"https:\/\/nautibrothers.pt\/en\/wp-json\/wp\/v2\/product"}],"about":[{"href":"https:\/\/nautibrothers.pt\/en\/wp-json\/wp\/v2\/types\/product"}],"wp:featuredmedia":[{"embeddable":true,"href":"https:\/\/nautibrothers.pt\/en\/wp-json\/wp\/v2\/media\/15638"}],"wp:attachment":[{"href":"https:\/\/nautibrothers.pt\/en\/wp-json\/wp\/v2\/media?parent=14610"}],"wp:term":[{"taxonomy":"product_cat","embeddable":true,"href":"https:\/\/nautibrothers.pt\/en\/wp-json\/wp\/v2\/product_cat?post=14610"},{"taxonomy":"product_tag","embeddable":true,"href":"https:\/\/nautibrothers.pt\/en\/wp-json\/wp\/v2\/product_tag?post=14610"}],"curies":[{"name":"wp","href":"https:\/\/api.w.org\/{rel}","templated":true}]}}