{"id":14637,"date":"2024-10-11T15:14:34","date_gmt":"2024-10-11T15:14:34","guid":{"rendered":"https:\/\/nautibrothers.pt\/?post_type=product&#038;p=14637"},"modified":"2024-10-31T13:55:08","modified_gmt":"2024-10-31T13:55:08","slug":"cabo-de-aco-inox-7x19-aisi-316","status":"publish","type":"product","link":"https:\/\/nautibrothers.pt\/en\/produto\/cabo-de-aco-inox-7x19-aisi-316\/","title":{"rendered":"Cabo de a\u00e7o inox 7&#215;19 (Aisi 316)"},"content":{"rendered":"<p>Cabo de a\u00e7o inox 7&#215;19 (Aisi 316)<\/p>\n","protected":false},"excerpt":{"rendered":"<p>Fabricado em a\u00e7o Inox AISI 316, tem uma resist\u00eancia \u00e0 corros\u00e3o mais elevada, utilizado na constru\u00e7\u00e3o civil ou outras aplica\u00e7\u00f5es tais como em iates, pesca e ambientes mar\u00edtimos em geral<\/p>\n","protected":false},"featured_media":11973,"template":"","meta":{"inline_featured_image":false},"product_cat":[1746],"product_tag":[],"class_list":{"0":"post-14637","1":"product","2":"type-product","3":"status-publish","4":"has-post-thumbnail","6":"product_cat-cabo-de-aco-fios","8":"first","9":"instock","10":"sold-individually","11":"shipping-taxable","12":"purchasable","13":"product-type-variable"},"acf":[],"_links":{"self":[{"href":"https:\/\/nautibrothers.pt\/en\/wp-json\/wp\/v2\/product\/14637","targetHints":{"allow":["GET"]}}],"collection":[{"href":"https:\/\/nautibrothers.pt\/en\/wp-json\/wp\/v2\/product"}],"about":[{"href":"https:\/\/nautibrothers.pt\/en\/wp-json\/wp\/v2\/types\/product"}],"wp:featuredmedia":[{"embeddable":true,"href":"https:\/\/nautibrothers.pt\/en\/wp-json\/wp\/v2\/media\/11973"}],"wp:attachment":[{"href":"https:\/\/nautibrothers.pt\/en\/wp-json\/wp\/v2\/media?parent=14637"}],"wp:term":[{"taxonomy":"product_cat","embeddable":true,"href":"https:\/\/nautibrothers.pt\/en\/wp-json\/wp\/v2\/product_cat?post=14637"},{"taxonomy":"product_tag","embeddable":true,"href":"https:\/\/nautibrothers.pt\/en\/wp-json\/wp\/v2\/product_tag?post=14637"}],"curies":[{"name":"wp","href":"https:\/\/api.w.org\/{rel}","templated":true}]}}