{"id":14878,"date":"2024-10-11T15:20:31","date_gmt":"2024-10-11T15:20:31","guid":{"rendered":"https:\/\/nautibrothers.pt\/?post_type=product&#038;p=14878"},"modified":"2024-10-11T15:21:31","modified_gmt":"2024-10-11T15:21:31","slug":"cabo-polietileno-torcido-a-3-cordoes","status":"publish","type":"product","link":"https:\/\/nautibrothers.pt\/en\/produto\/cabo-polietileno-torcido-a-3-cordoes\/","title":{"rendered":"Cabo Polietileno torcido a 3 cord\u00f5es"},"content":{"rendered":"<p>Cabo Polietileno torcido a 3 cord\u00f5es<\/p>\n","protected":false},"excerpt":{"rendered":"<p>Fabricado em polietileno, \u00e9 um material flutuante e n\u00e3o que absorve \u00e1gua, utilizado na pesca profissional e na n\u00e1utica<\/p>\n","protected":false},"featured_media":12249,"template":"","meta":{"inline_featured_image":false},"product_cat":[1657],"product_tag":[],"class_list":{"0":"post-14878","1":"product","2":"type-product","3":"status-publish","4":"has-post-thumbnail","6":"product_cat-cabo-polietileno","8":"first","9":"instock","10":"sold-individually","11":"shipping-taxable","12":"purchasable","13":"product-type-variable"},"acf":[],"_links":{"self":[{"href":"https:\/\/nautibrothers.pt\/en\/wp-json\/wp\/v2\/product\/14878","targetHints":{"allow":["GET"]}}],"collection":[{"href":"https:\/\/nautibrothers.pt\/en\/wp-json\/wp\/v2\/product"}],"about":[{"href":"https:\/\/nautibrothers.pt\/en\/wp-json\/wp\/v2\/types\/product"}],"wp:featuredmedia":[{"embeddable":true,"href":"https:\/\/nautibrothers.pt\/en\/wp-json\/wp\/v2\/media\/12249"}],"wp:attachment":[{"href":"https:\/\/nautibrothers.pt\/en\/wp-json\/wp\/v2\/media?parent=14878"}],"wp:term":[{"taxonomy":"product_cat","embeddable":true,"href":"https:\/\/nautibrothers.pt\/en\/wp-json\/wp\/v2\/product_cat?post=14878"},{"taxonomy":"product_tag","embeddable":true,"href":"https:\/\/nautibrothers.pt\/en\/wp-json\/wp\/v2\/product_tag?post=14878"}],"curies":[{"name":"wp","href":"https:\/\/api.w.org\/{rel}","templated":true}]}}